{"id":373,"date":"2024-07-10T14:40:29","date_gmt":"2024-07-10T12:40:29","guid":{"rendered":"http:\/\/autoecolecentre.com\/?page_id=373"},"modified":"2024-07-10T14:42:33","modified_gmt":"2024-07-10T12:42:33","slug":"mentions-legales","status":"publish","type":"page","link":"http:\/\/autoecolecentre.com\/?page_id=373","title":{"rendered":"Mentions l\u00e9gales"},"content":{"rendered":"\t\t<div data-elementor-type=\"wp-page\" data-elementor-id=\"373\" class=\"elementor elementor-373\">\n\t\t\t\t<div class=\"elementor-element elementor-element-7079202 e-flex e-con-boxed e-con e-parent\" data-id=\"7079202\" data-element_type=\"container\">\n\t\t\t\t\t<div class=\"e-con-inner\">\n\t\t\t\t<div class=\"elementor-element elementor-element-cea8d06 elementor-widget elementor-widget-text-editor\" data-id=\"cea8d06\" data-element_type=\"widget\" data-widget_type=\"text-editor.default\">\n\t\t\t\t<div class=\"elementor-widget-container\">\n\t\t\t\t\t\t\t\t\t<h4 style=\"font-size: 1.33333rem; font-style: normal; font-weight: inherit;\"><span style=\"font-weight: 700;\">INFORMATIONS LEGALES, RESPONSABILITES ET PROPRIETE INTELLECTUELLE<\/span><\/h4>\n<h3 style=\"font-size: 1.66667rem; font-style: normal; font-weight: inherit;\"><span style=\"font-weight: 700;\">Editeur<\/span><\/h3>\n<p style=\"font-size: 15px; font-style: normal; font-weight: 400;\">Nom de la soci\u00e9t\u00e9 : AUTO ECOLE DU CENTRE<br>Nom de l\u2019Editeur : Guillaume SOLIGNAC<br>Adresse : 51 Avenue Jean jaures &#8211; 26600 Tain l&rsquo;hermitage<br>T\u00e9l\u00e9phone :&nbsp; 06.76.39.84.47 \/ 04.75.07.21.59<br>Email : autoecoleducentre26@gmail.com<\/p>\n<p style=\"font-size: 15px; font-style: normal; font-weight: 400;\">Siren (9 chiffres): 839 284 338<\/p>\n<h3 style=\"font-size: 1.66667rem; font-style: normal; font-weight: inherit;\">H\u00e9bergement<\/h3>\n<p style=\"font-size: 15px; font-style: normal; font-weight: 400;\">OVH : SAS au capital de 500 K\u20ac<br>RCS Roubaix \u2013 Tourcoing 424 761 419 00011<br>Code APE 6202A<br>N\u00b0 TVA : FR 22 424 761 419<br>Si\u00e8ge social : 2 rue Kellermann &#8211; 59100 Roubaix &#8211; France.<span style=\"font-weight: 700;\">&nbsp;<\/span><\/p>\n<ol style=\"font-size: 15px; font-style: normal; font-weight: 400; margin: 0px 0px 1.5em 3em; padding: 0px;\">\n<li style=\"font-size: 15px;\"><span style=\"font-weight: 700;\">Contenu du site :<\/span><\/li>\n<\/ol>\n<p style=\"font-size: 15px; font-style: normal; font-weight: 400;\">L\u2019\u00c9DITEUR s\u2019efforce d\u2019assurer l\u2019exactitude et la mise \u00e0 jour des informations diffus\u00e9es sur le site, dont elle se r\u00e9serve le droit de corriger, \u00e0 tout moment et sans pr\u00e9avis, le contenu. En outre, L\u2019\u00c9DITEUR d\u00e9cline toute responsabilit\u00e9 (directe ou indirecte) en cas d\u2019erreur ou d\u2019omission quant au contenu des pages du site internet et \u00e0 l\u2019utilisation erron\u00e9e ou d\u00e9tourn\u00e9e qui pourrait en \u00eatre faite par quiconque.<\/p>\n<p style=\"font-size: 15px; font-style: normal; font-weight: 400;\">Dans le cadre de son site de pr\u00e9sentation et de commercialisation de ses activit\u00e9s, L\u2019\u00c9DITEUR met \u00e9galement \u00e0 disposition des visiteurs, un formulaire d&rsquo;information quant \u00e0 la protection des donn\u00e9es personnelles que ces derniers pourraient communiquer en remplissant la fiche contact.<\/p>\n<ol start=\"2\" style=\"font-size: 15px; font-style: normal; font-weight: 400; margin: 0px 0px 1.5em 3em; padding: 0px;\">\n<li style=\"font-size: 15px;\"><span style=\"font-weight: 700;\">Liens vers d&rsquo;autres sites<\/span><\/li>\n<\/ol>\n<p style=\"font-size: 15px; font-style: normal; font-weight: 400;\">L\u2019\u00c9DITEUR peut proposer sur son site des liens vers d&rsquo;autres sites de L\u2019\u00c9DITEUR, des r\u00e9seaux sociaux, ou des sites de partenaires ou de tiers qui ne sont pas couverts par les pr\u00e9sentes mentions l\u00e9gales. Ces liens sont \u00e9tablis en accord avec les sites concern\u00e9s \u00e0 un moment o\u00f9 L\u2019\u00c9DITEUR a pu juger opportun de le faire, eu \u00e9gard aux contenus et services de ces sites.<\/p>\n<p style=\"font-size: 15px; font-style: normal; font-weight: 400;\">L\u2019\u00c9DITEUR ne pourra \u00eatre tenu responsable du contenu de ces sites et de l&rsquo;usage qui pourra en \u00eatre fait par les visiteurs.<\/p>\n<ol start=\"3\" style=\"font-size: 15px; font-style: normal; font-weight: 400; margin: 0px 0px 1.5em 3em; padding: 0px;\">\n<li style=\"font-size: 15px;\"><span style=\"font-weight: 700;\">Propri\u00e9t\u00e9 Intellectuelle<\/span><\/li>\n<\/ol>\n<p style=\"font-size: 15px; font-style: normal; font-weight: 400;\">L&rsquo;acc\u00e8s au site conf\u00e8re un droit d&rsquo;usage priv\u00e9 et non exclusif de ce site. L&rsquo;ensemble des \u00e9l\u00e9ments \u00e9dit\u00e9s sur ce site, incluant notamment les textes, images, photographies, infographies, vid\u00e9os, logos, marques constituent des \u0153uvres au sens du Code de la Propri\u00e9t\u00e9 Intellectuelle. Ces \u0153uvres sont la propri\u00e9t\u00e9 exclusive de L\u2019\u00c9DITEUR ou pour certains contenus rel\u00e8vent de licences de tiers qui lui ont \u00e9t\u00e9 accord\u00e9es.<\/p>\n<p style=\"font-size: 15px; font-style: normal; font-weight: 400;\">En cons\u00e9quence, toute repr\u00e9sentation ou reproduction, int\u00e9grale ou partielle, qui pourrait \u00eatre faite sans le consentement de leurs auteurs ou de leurs ayants-droit, est illicite et constitue une contrefa\u00e7on.<\/p>\n<p style=\"font-size: 15px; font-style: normal; font-weight: 400;\">Toute reproduction, repr\u00e9sentation, diffusion ou rediffusion, en tout ou partie, du contenu de ce site sur quelque support ou par tout proc\u00e9d\u00e9 que ce soit, de m\u00eame que toute vente, revente, retransmission ou mise \u00e0 disposition de tiers de quelque mani\u00e8re que ce soit sont interdites.<\/p>\n<p style=\"font-size: 15px; font-style: normal; font-weight: 400;\">Le non-respect de cette interdiction constitue une contrefa\u00e7on susceptible d\u2019engager la responsabilit\u00e9 civile et p\u00e9nale du contrefacteur.<\/p>\n<ol start=\"4\" style=\"font-size: 15px; font-style: normal; font-weight: 400; margin: 0px 0px 1.5em 3em; padding: 0px;\">\n<li style=\"font-size: 15px;\"><span style=\"font-weight: 700;\">Indisponibilit\u00e9 du site<\/span><\/li>\n<\/ol>\n<p style=\"font-size: 15px; font-style: normal; font-weight: 400;\">L\u2019\u00c9DITEUR s\u2019efforcera dans la mesure du possible d\u2019assurer aux visiteurs une accessibilit\u00e9 du site \u00e0 tout moment. L\u2019\u00c9DITEUR ne pourra \u00eatre tenu responsable, en cas d&rsquo;indisponibilit\u00e9 du site, pour quelque cause que ce soit.<\/p>\n<p style=\"font-size: 15px; font-style: normal; font-weight: 400;\">A titre occasionnel, L\u2019\u00c9DITEUR pourra interrompre ses services pour des raisons op\u00e9rationnelles, de maintenance ou en cas d\u2019urgence sans que ceci ne puisse donner lieu \u00e0 des dommages et int\u00e9r\u00eats de quelque nature que ce soit.<\/p>\n<p style=\"font-size: 15px; font-style: normal; font-weight: 400;\">L\u2019\u00c9DITEUR s\u2019efforce de maintenir la s\u00e9curit\u00e9 des visiteurs dans le cadre de l\u2019utilisation de son site et de ses services ainsi que de maintenir le bon fonctionnement et la continuit\u00e9 du fonctionnement de son site, mais L\u2019\u00c9DITEUR ne garantit pas pour autant un acc\u00e8s continu et s\u00e9curis\u00e9 \u00e0 ses services \u00e0 tout moment, dans la mesure o\u00f9 leur bon fonctionnement peut \u00eatre affect\u00e9 par de nombreux facteurs que L\u2019\u00c9DITEUR ne contr\u00f4le pas.<\/p>\n<ol start=\"5\" style=\"font-size: 15px; font-style: normal; font-weight: 400; margin: 0px 0px 1.5em 3em; padding: 0px;\">\n<li style=\"font-size: 15px;\"><span style=\"font-weight: 700;\">Donn\u00e9es nominatives &#8211; cookies<\/span><\/li>\n<\/ol>\n<p style=\"font-size: 15px; font-style: normal; font-weight: 400;\">L\u2019\u00c9DITEUR s&rsquo;engage \u00e0 respecter la vie priv\u00e9e des visiteurs du site et \u00e0 prot\u00e9ger les informations qu\u2019ils communiquent.<\/p>\n<p style=\"font-size: 15px; font-style: normal; font-weight: 400;\">Les r\u00e8gles applicables au traitement des donn\u00e9es \u00e0 caract\u00e8re personnel dans le cadre du site sont les suivantes.<\/p>\n<p style=\"font-size: 15px; font-style: normal; font-weight: 400;\"><span style=\"font-weight: 700;\">Informations collect\u00e9es<\/span><\/p>\n<p style=\"font-size: 15px; font-style: normal; font-weight: 400;\">De mani\u00e8re g\u00e9n\u00e9rale, le site peut \u00eatre visit\u00e9 sans obligation de communiquer des informations personnelles, sauf si le visiteur souhaite remplir la fiche contact. Cependant, le serveur web de L\u2019\u00c9DITEUR peut enregistrer automatiquement certaines informations telles que l\u2019adresse IP (Internet Protocol) et d&rsquo;autres informations telles que le nom du fournisseur de service Internet, le syst\u00e8me de navigation, le syst\u00e8me d&rsquo;exploitation et la langue utilis\u00e9e, le site \u00e0 partir duquel la connexion est effectu\u00e9e, les mots cl\u00e9s et les technologies ajout\u00e9es au syst\u00e8me de navigation disponibles pour l&rsquo;affichage du contenu, les pages du site consult\u00e9es et l&rsquo;ordre de consultation, ainsi que la date et la dur\u00e9e de la visite.<\/p>\n<p style=\"font-size: 15px; font-style: normal; font-weight: 400;\">Par ailleurs, dans le cadre de la fiche contact figurant sur le site ou des documents de commandes qui peuvent \u00eatre remplis en ligne, L\u2019\u00c9DITEUR peut collecter et traiter des donn\u00e9es personnelles concernant chaque visiteur ou client dans le cadre de ses \u00e9changes. Ainsi, chaque visiteur ou client qui correspond par le biais d\u2019un courriel ou en utilisant un formulaire de contacts, communiquera ses coordonn\u00e9es ainsi que l\u2019objet de son message et toutes autres informations n\u00e9cessaires, et lesdites informations feront l\u2019objet d\u2019un traitement par L\u2019\u00c9DITEUR pour r\u00e9pondre \u00e0 ces demandes et en assurer le suivi.<\/p>\n<p style=\"font-size: 15px; font-style: normal; font-weight: 400;\"><span style=\"font-weight: 700;\">Droits par rapport aux donn\u00e9es collect\u00e9es<\/span><\/p>\n<p style=\"font-size: 15px; font-style: normal; font-weight: 400;\">En application de la loi 78-17 du 6 janvier 1978 et de la loi n\u00b0 2018-493 du 20 juin 2018, ainsi que du R\u00e8glement UE 2016\/679, applicable depuis le 25 mai 2018, il est rappel\u00e9 que les donn\u00e9es \u00e0 caract\u00e8re personnel qui sont demand\u00e9es aux visiteurs ou clients sont n\u00e9cessaires au traitement des prestations et\/ou commandes qu\u2019ils demandent \u00e0 L\u2019\u00c9DITEUR de r\u00e9aliser dans le cadre des engagements commerciaux qui ont \u00e9t\u00e9 conclus, et la collecte de ces donn\u00e9es a cette unique finalit\u00e9, le traitement des commandes et des prestations contractuelles.<\/p>\n<p style=\"font-size: 15px; font-style: normal; font-weight: 400;\">La finalit\u00e9 de ce traitement est principalement d\u2019ordre comptable, commercial, et technique.<\/p>\n<p style=\"font-size: 15px; font-style: normal; font-weight: 400;\">Ces donn\u00e9es ne sont pas communiqu\u00e9es \u00e0 des tiers au contrat ou \u00e0 la commande, les seuls destinataires \u00e9tant les membres du personnel de L\u2019\u00c9DITEUR, et les diff\u00e9rents intervenants et prestataires parties au contrat, par exemple pour l&rsquo;h\u00e9bergement des donn\u00e9es. Toute personne qui aura acc\u00e8s \u00e0 ces donn\u00e9es, sera tenue par une obligation de confidentialit\u00e9 faisant sp\u00e9cifiquement r\u00e9f\u00e9rence au respect de la confidentialit\u00e9 des donn\u00e9es personnelles auxquelles cette personne aura acc\u00e8s.<\/p>\n<p style=\"font-size: 15px; font-style: normal; font-weight: 400;\">Ces donn\u00e9es \u00e0 fournir seront mentionn\u00e9es comme obligatoires ou facultatives \u00e9tant pr\u00e9cis\u00e9 que le d\u00e9faut de r\u00e9ponse peut \u00eatre un obstacle au traitement de tout ou partie de votre commande ou prestation.<\/p>\n<p style=\"font-size: 15px; font-style: normal; font-weight: 400;\">Ces donn\u00e9es sont conserv\u00e9es pendant le d\u00e9lai l\u00e9gal de conservation.<\/p>\n<p style=\"font-size: 15px; font-style: normal; font-weight: 400;\">Le visiteur ou client dispose, conform\u00e9ment aux r\u00e9glementations nationales et europ\u00e9ennes en vigueur d&rsquo;un droit d&rsquo;acc\u00e8s permanent, de modification, de rectification, d&rsquo;opposition et de portabilit\u00e9 s&rsquo;agissant des informations le concernant.<\/p>\n<p style=\"font-size: 15px; font-style: normal; font-weight: 400;\">Ce droit peut \u00eatre exerc\u00e9 dans les conditions et selon les modalit\u00e9s qui vous seront communiqu\u00e9es par le Responsable de traitement de la soci\u00e9t\u00e9 qui est L\u2019\u00c9DITEUR, que vous pouvez contacter par courriel \u00e0 l\u2019adresse mail figurant plus haut.<\/p>\n<p style=\"font-size: 15px; font-style: normal; font-weight: 400;\">Le Responsable de traitement vous r\u00e9pondra sous 2 mois \u00e0 compter de la date de r\u00e9ception de la demande. Si la demande exerc\u00e9e sur place ne peut \u00eatre satisfaite imm\u00e9diatement, un avis de r\u00e9ception dat\u00e9 et sign\u00e9 sera remis au demandeur. Si la demande est incompl\u00e8te (absence de la pi\u00e8ce d\u2019identit\u00e9 par exemple), le Responsable du fichier est en droit de demander des compl\u00e9ments : le d\u00e9lai est alors suspendu et court \u00e0 nouveau une fois ces \u00e9l\u00e9ments fournis.<\/p>\n<p style=\"font-size: 15px; font-style: normal; font-weight: 400;\"><span style=\"font-weight: 700;\">Cookies<\/span><\/p>\n<p style=\"font-size: 15px; font-style: normal; font-weight: 400;\">Le site peut utiliser des cookies. Un cookie est un fichier texte stock\u00e9 sur un ordinateur quand le visiteur ou le client se rend sur le Site. Ils permettent d\u2019identifier un ordinateur lors d\u2019une prochaine visite.<\/p>\n<p style=\"font-size: 15px; font-style: normal; font-weight: 400;\">Lors de la visite sur le site, selon les choix exprim\u00e9s par le param\u00e9trage du navigateur, il peut \u00eatre install\u00e9 divers cookies sur le disque dur de l\u2019ordinateur du visiteur. L\u2019\u00c9DITEUR peut lire les cookies install\u00e9s pendant la dur\u00e9e de validit\u00e9 de chaque cookie ou jusqu\u2019\u00e0 ce que ledit cookie soit supprim\u00e9.<\/p>\n<p style=\"font-size: 15px; font-style: normal; font-weight: 400;\">Les cookies peuvent \u00eatre pour les finalit\u00e9s suivantes :<\/p>\n<ul style=\"font-size: 15px; font-style: normal; font-weight: 400; margin: 0px 0px 1.5em 3em; padding: 0px;\">\n<li style=\"font-size: 15px;\">Faciliter la navigation et permettre un affichage correct des pages Internet (cookies de session),<\/li>\n<li style=\"font-size: 15px;\">Se souvenir des pr\u00e9f\u00e9rences des visiteurs, des choix d\u2019affichage ou de configuration ou choix linguistiques,<\/li>\n<li style=\"font-size: 15px;\">Identifier si le visiteur provient d\u2019un autre site de L\u2019\u00c9DITEUR ou d\u2019un site partenaire,<\/li>\n<li style=\"font-size: 15px;\">Analyser la performance du site \u00e0 partir d\u2019informations anonymes sur la navigation (par exemple : pages vues, nombre de visites, etc.).<\/li>\n<\/ul>\n<p style=\"font-size: 15px; font-style: normal; font-weight: 400;\">Les cookies utilis\u00e9s ne permettent pas \u00e0 L\u2019\u00c9DITEUR d\u2019identifier personnellement les visiteurs et sont con\u00e7us pour \u00eatre utilis\u00e9s uniquement par L\u2019\u00c9DITEUR.<\/p>\n<p style=\"font-size: 15px; font-style: normal; font-weight: 400;\">Chaque visiteur peut s\u2019opposer \u00e0 l&rsquo;enregistrement de ces \u00ab\u00a0cookies\u00a0\u00bb de fa\u00e7on globale ou au cas par cas en ajustant les param\u00e8tres de son navigateur, il convient de se reporter \u00e0 la proc\u00e9dure figurant dans les r\u00e8gles d\u2019utilisation du navigateur.<\/p>\n<ol start=\"6\" style=\"font-size: 15px; font-style: normal; font-weight: 400; margin: 0px 0px 1.5em 3em; padding: 0px;\">\n<li style=\"font-size: 15px;\"><span style=\"font-weight: 700;\">Confidentialit\u00e9<\/span><\/li>\n<\/ol>\n<p style=\"font-size: 15px; font-style: normal; font-weight: 400;\">L\u2019\u00c9DITEUR a une obligation de confidentialit\u00e9 \u00e0 l\u2019\u00e9gard des visiteurs et clients quant \u00e0 l\u2019ensemble des donn\u00e9es et informations de quelque nature que ce soit qu\u2019ils d\u00e9poseront au travers du site. Ces informations peuvent \u00eatre d\u2019ordre commercial, comptable, juridique, financi\u00e8re, etc., L\u2019\u00c9DITEUR en assurera la s\u00e9curit\u00e9, dans la mesure de ce qui est techniquement possible, de fa\u00e7on \u00e0 ce que ces donn\u00e9es ne puissent pas \u00eatre accessibles par un tiers non habilit\u00e9.<\/p>\n<p style=\"font-size: 15px; font-style: normal; font-weight: 400;\">L\u2019\u00c9DITEUR ne sera en aucun cas responsable dans le cas o\u00f9 l\u2019obligation de confidentialit\u00e9 ne serait pas respect\u00e9e par l\u2019un des visiteurs ou clients, il incombe \u00e0 ces derniers de mettre en place des modalit\u00e9s d\u2019acc\u00e8s \u00e0 leur ordinateur ou \u00e0 leur compte, appropri\u00e9es tel que mot de passe, et de prendre les mesures suffisantes pour ne pas permettre \u00e0 des tiers non autoris\u00e9s d\u2019acc\u00e9der aux informations et donn\u00e9es confidentielles les concernant. Il est en outre rappel\u00e9 que les codes d\u2019acc\u00e8s et autorisations communiqu\u00e9s aux visiteurs ou clients par L\u2019\u00c9DITEUR, sont personnels et confidentiels et ils ne peuvent \u00eatre ni \u00eatre c\u00e9d\u00e9s ni \u00eatre diffus\u00e9s.<\/p>\n<p style=\"font-size: 15px; font-style: normal; font-weight: 400;\"><a href=\"https:\/\/www.chateau9conduite.com\/assets\/components\/revogallerytt\/uploads\/r%C3%A9clamation.pdf\" target=\"_blank\" rel=\"noopener\" style=\"text-decoration-line: none; color: rgb(83, 113, 255);\">Gestion des r\u00e9clamations<\/a><\/p>\t\t\t\t\t\t\t\t<\/div>\n\t\t\t\t<\/div>\n\t\t\t\t\t<\/div>\n\t\t\t\t<\/div>\n\t\t\t\t<\/div>\n\t\t","protected":false},"excerpt":{"rendered":"<p>INFORMATIONS LEGALES, RESPONSABILITES ET PROPRIETE INTELLECTUELLE Editeur Nom de la soci\u00e9t\u00e9 : AUTO ECOLE DU CENTRENom de l\u2019Editeur : Guillaume SOLIGNACAdresse : 51 Avenue Jean jaures &#8211; 26600 Tain l&rsquo;hermitageT\u00e9l\u00e9phone :&nbsp; 06.76.39.84.47 \/ 04.75.07.21.59Email : autoecoleducentre26@gmail.com Siren (9 chiffres): 839 284 338 H\u00e9bergement OVH : SAS au capital de 500 K\u20acRCS Roubaix \u2013 Tourcoing 424 [&hellip;]<\/p>\n","protected":false},"author":1,"featured_media":0,"parent":0,"menu_order":0,"comment_status":"closed","ping_status":"closed","template":"","meta":{"_monsterinsights_skip_tracking":false,"_monsterinsights_sitenote_active":false,"_monsterinsights_sitenote_note":"","_monsterinsights_sitenote_category":0,"site-sidebar-layout":"no-sidebar","site-content-layout":"","ast-site-content-layout":"full-width-container","site-content-style":"default","site-sidebar-style":"default","ast-global-header-display":"","ast-banner-title-visibility":"","ast-main-header-display":"","ast-hfb-above-header-display":"","ast-hfb-below-header-display":"","ast-hfb-mobile-header-display":"","site-post-title":"disabled","ast-breadcrumbs-content":"","ast-featured-img":"disabled","footer-sml-layout":"","theme-transparent-header-meta":"","adv-header-id-meta":"","stick-header-meta":"","header-above-stick-meta":"","header-main-stick-meta":"","header-below-stick-meta":"","astra-migrate-meta-layouts":"default","ast-page-background-enabled":"default","ast-page-background-meta":{"desktop":{"background-color":"var(--ast-global-color-4)","background-image":"","background-repeat":"repeat","background-position":"center center","background-size":"auto","background-attachment":"scroll","background-type":"","background-media":"","overlay-type":"","overlay-color":"","overlay-opacity":"","overlay-gradient":""},"tablet":{"background-color":"","background-image":"","background-repeat":"repeat","background-position":"center center","background-size":"auto","background-attachment":"scroll","background-type":"","background-media":"","overlay-type":"","overlay-color":"","overlay-opacity":"","overlay-gradient":""},"mobile":{"background-color":"","background-image":"","background-repeat":"repeat","background-position":"center center","background-size":"auto","background-attachment":"scroll","background-type":"","background-media":"","overlay-type":"","overlay-color":"","overlay-opacity":"","overlay-gradient":""}},"ast-content-background-meta":{"desktop":{"background-color":"var(--ast-global-color-5)","background-image":"","background-repeat":"repeat","background-position":"center center","background-size":"auto","background-attachment":"scroll","background-type":"","background-media":"","overlay-type":"","overlay-color":"","overlay-opacity":"","overlay-gradient":""},"tablet":{"background-color":"var(--ast-global-color-5)","background-image":"","background-repeat":"repeat","background-position":"center center","background-size":"auto","background-attachment":"scroll","background-type":"","background-media":"","overlay-type":"","overlay-color":"","overlay-opacity":"","overlay-gradient":""},"mobile":{"background-color":"var(--ast-global-color-5)","background-image":"","background-repeat":"repeat","background-position":"center center","background-size":"auto","background-attachment":"scroll","background-type":"","background-media":"","overlay-type":"","overlay-color":"","overlay-opacity":"","overlay-gradient":""}},"footnotes":""},"class_list":["post-373","page","type-page","status-publish","hentry"],"aioseo_notices":[],"_links":{"self":[{"href":"http:\/\/autoecolecentre.com\/index.php?rest_route=\/wp\/v2\/pages\/373","targetHints":{"allow":["GET"]}}],"collection":[{"href":"http:\/\/autoecolecentre.com\/index.php?rest_route=\/wp\/v2\/pages"}],"about":[{"href":"http:\/\/autoecolecentre.com\/index.php?rest_route=\/wp\/v2\/types\/page"}],"author":[{"embeddable":true,"href":"http:\/\/autoecolecentre.com\/index.php?rest_route=\/wp\/v2\/users\/1"}],"replies":[{"embeddable":true,"href":"http:\/\/autoecolecentre.com\/index.php?rest_route=%2Fwp%2Fv2%2Fcomments&post=373"}],"version-history":[{"count":4,"href":"http:\/\/autoecolecentre.com\/index.php?rest_route=\/wp\/v2\/pages\/373\/revisions"}],"predecessor-version":[{"id":377,"href":"http:\/\/autoecolecentre.com\/index.php?rest_route=\/wp\/v2\/pages\/373\/revisions\/377"}],"wp:attachment":[{"href":"http:\/\/autoecolecentre.com\/index.php?rest_route=%2Fwp%2Fv2%2Fmedia&parent=373"}],"curies":[{"name":"wp","href":"https:\/\/api.w.org\/{rel}","templated":true}]}}