{"id":291,"date":"2024-07-10T10:02:18","date_gmt":"2024-07-10T08:02:18","guid":{"rendered":"http:\/\/autoecolecentre.com\/?page_id=291"},"modified":"2026-01-16T14:29:58","modified_gmt":"2026-01-16T13:29:58","slug":"permis-a2-a1-475cv-4jours-permis-moto","status":"publish","type":"page","link":"http:\/\/autoecolecentre.com\/?page_id=291","title":{"rendered":"Permis Moto A2\/A1 4jours"},"content":{"rendered":"\t\t<div data-elementor-type=\"wp-page\" data-elementor-id=\"291\" class=\"elementor elementor-291\">\n\t\t\t\t<div class=\"elementor-element elementor-element-a0b8dcf e-flex e-con-boxed e-con e-parent\" data-id=\"a0b8dcf\" data-element_type=\"container\">\n\t\t\t\t\t<div class=\"e-con-inner\">\n\t\t\t\t<div class=\"elementor-element elementor-element-c36ba63 elementor-widget elementor-widget-heading\" data-id=\"c36ba63\" data-element_type=\"widget\" data-widget_type=\"heading.default\">\n\t\t\t\t<div class=\"elementor-widget-container\">\n\t\t\t\t\t<h1 class=\"elementor-heading-title elementor-size-default\">Permis Moto A2 \/ A1(125cm3) intensif 4 Jours<\/h1>\t\t\t\t<\/div>\n\t\t\t\t<\/div>\n\t\t\t\t\t<\/div>\n\t\t\t\t<\/div>\n\t\t<div class=\"elementor-element elementor-element-c0b7dfd e-flex e-con-boxed e-con e-parent\" data-id=\"c0b7dfd\" data-element_type=\"container\">\n\t\t\t\t\t<div class=\"e-con-inner\">\n\t\t\t\t<div class=\"elementor-element elementor-element-c297335 elementor-widget elementor-widget-text-editor\" data-id=\"c297335\" data-element_type=\"widget\" data-widget_type=\"text-editor.default\">\n\t\t\t\t<div class=\"elementor-widget-container\">\n\t\t\t\t\t\t\t\t\t<h2><strong>Vous recherchez une auto-\u00e9cole pour passer votre permis moto A2 ou A1 dans les environs de Tain l&rsquo;hermitage, Saint vallier, Tournon sur Rh\u00f4ne ?\u00a0 Contactez-nous.<\/strong><\/h2>\t\t\t\t\t\t\t\t<\/div>\n\t\t\t\t<\/div>\n\t\t\t\t\t<\/div>\n\t\t\t\t<\/div>\n\t\t<div class=\"elementor-element elementor-element-c29bbb6 e-flex e-con-boxed e-con e-parent\" data-id=\"c29bbb6\" data-element_type=\"container\">\n\t\t\t\t\t<div class=\"e-con-inner\">\n\t\t\t\t<div class=\"elementor-element elementor-element-1a29bfa elementor-widget elementor-widget-text-editor\" data-id=\"1a29bfa\" data-element_type=\"widget\" data-widget_type=\"text-editor.default\">\n\t\t\t\t<div class=\"elementor-widget-container\">\n\t\t\t\t\t\t\t\t\t<p>Le permis A2 offre la possibilit\u00e9 de conduire:<\/p><ul><li>Une moto inf\u00e9rieur ou \u00e9gal \u00e0 35KW<\/li><\/ul><p>La puissance ne peut r\u00e9sulter du bridage d&rsquo;un v\u00e9hicule sup\u00e9rieur \u00e0 70kW.<\/p><p>Formation pratique 2 roues: La formation pratique porte sur la s\u00e9curit\u00e9 routi\u00e8re et les diff\u00e9rents risques de la route, ainsi qu&rsquo;\u00e0 la conduite avec le v\u00e9hicule. Avant le commencement des le\u00e7ons de conduites une \u00e9valuation de d\u00e9part sera r\u00e9alis\u00e9e.\u00a0<em>Celle-ci se fait accompagn\u00e9e d&rsquo;un enseignant de la conduite et de la s\u00e9curit\u00e9 routi\u00e8re. Son processus et d\u00e9roulement et t\u00e9l\u00e9chargeable\u00a0<\/em><a href=\"https:\/\/www.chateau9conduite.com\/assets\/components\/revogallerytt\/uploads\/1.1_EVALUATION-DE-DEPART-A1-A2-papier.pdf\" target=\"_blank\" rel=\"noopener\"><em>ici<\/em><\/a><\/p><p><em>Les conditions d&rsquo;usages de la piste moto sont t\u00e9l\u00e9chargeables\u00a0<\/em><a href=\"https:\/\/www.chateau9conduite.com\/assets\/components\/revogallerytt\/uploads\/1.4%20conditions%20d'usage%20de%20la%20piste%20new.pdf\" target=\"_blank\" rel=\"noopener\"><em>ici<\/em><\/a><em>\u00a0<\/em><\/p><p>La fin de formation du futur conducteur est divis\u00e9e en 4 comp\u00e9tences:<\/p><ul><li><strong><em>ma\u00eetriser le maniement du deux-roues motoris\u00e9,<\/em><\/strong><\/li><li><strong><em>appr\u00e9hender la route et circuler dans des conditions normales,<\/em><\/strong><\/li><li><strong><em>ciculer dans des conditions difficiles et partager la route avec les autres usagers,<\/em><\/strong><\/li><li><strong><em>pratiquer une conduite autonome, s\u00fbre et \u00e9conomique.<\/em><\/strong><\/li><\/ul><p>Les comp\u00e9tences se traitent en examinant les points suivants:<em>\u00a0le pourquoi, le comment, les risques, les influences de l\u2019entourage et du mode de vie de l\u2019\u00e9l\u00e8ve, les pressions exerc\u00e9es par la soci\u00e9t\u00e9 telles que la publicit\u00e9, le travail&#8230;, l\u2019auto-\u00e9valuation.<\/em><\/p><p>L&rsquo;examen du permis moto sera accessible seulement lorsque ces comp\u00e9tences seront acquises.\u00a0<\/p><p><em>L&rsquo;\u00e9preuve pratique du permis moto se d\u00e9roule en deux phases, deux examens s\u00e9par\u00e9s :<\/em><\/p><ul><li><ul><li><em>L&rsquo;\u00e9preuve hors circulation appell\u00e9 \u00ab\u00a0plateau\u00a0\u00bb<\/em><\/li><li><em>L&rsquo;\u00e9preuve en circulation<\/em><\/li><\/ul><\/li><\/ul>\t\t\t\t\t\t\t\t<\/div>\n\t\t\t\t<\/div>\n\t\t\t\t\t<\/div>\n\t\t\t\t<\/div>\n\t\t<div class=\"elementor-element elementor-element-bed7665 e-flex e-con-boxed e-con e-parent\" data-id=\"bed7665\" data-element_type=\"container\">\n\t\t\t\t\t<div class=\"e-con-inner\">\n\t\t<div class=\"elementor-element elementor-element-39baaef e-con-full e-flex e-con e-child\" data-id=\"39baaef\" data-element_type=\"container\">\n\t\t\t\t<div class=\"elementor-element elementor-element-806b224 elementor-widget elementor-widget-text-editor\" data-id=\"806b224\" data-element_type=\"widget\" data-widget_type=\"text-editor.default\">\n\t\t\t\t<div class=\"elementor-widget-container\">\n\t\t\t\t\t\t\t\t\t<div class=\"col-md-4 pforfait forfait-tarif\"><h4><strong>DOCUMENTS A FOURNIR<\/strong><\/h4><ul><li>Photos d&rsquo;identit\u00e9s num\u00e9riques (E-Photo)<\/li><li>Pi\u00e8ce d&rsquo;identit\u00e9 du candidat<\/li><li>Pi\u00e8ce d&rsquo;identit\u00e9 du responsable l\u00e9gal \/ h\u00e9bergeant<\/li><li>Attestation de la Journ\u00e9e d\u00e9fense et citoyenne (JDC) (17 \u00e0 25ans)<\/li><li>Attestation de recensement (16 \u00e0 17ans)<\/li><li>Permis AM (BSR)=&gt;\u00a0<i>Si obtenu<\/i><\/li><li>Permis de Conduire<\/li><li>Justificatif de domicile dat\u00e9 de moins de 3 mois<\/li><li>Une attestation sur l&rsquo;honneur d&rsquo;h\u00e9bergement sign\u00e9e par les deux parties<\/li><\/ul><\/div><div class=\"container\"><div class=\"row\">\u00a0<\/div><\/div>\t\t\t\t\t\t\t\t<\/div>\n\t\t\t\t<\/div>\n\t\t\t\t<\/div>\n\t\t<div class=\"elementor-element elementor-element-0f9de71 e-con-full e-flex e-con e-child\" data-id=\"0f9de71\" data-element_type=\"container\">\n\t\t\t\t<div class=\"elementor-element elementor-element-a5103dd elementor-widget elementor-widget-text-editor\" data-id=\"a5103dd\" data-element_type=\"widget\" data-widget_type=\"text-editor.default\">\n\t\t\t\t<div class=\"elementor-widget-container\">\n\t\t\t\t\t\t\t\t\t<h4><strong>Forfait Permis Moto A2\/A1 (125cc) 4 jours : 990\u20ac* TTC<\/strong><\/h4>\n<p class=\"remarque\"><em>*(Paiement en 3 fois possible sans frais)<\/em><\/p>\n<h4><strong>Compris dans le forfait :<\/strong><\/h4>\n<ul>\n<li>ETM ( Code de la route moto internet + Livre de code) : 220\u20ac TTC&nbsp;<\/li>\n<li>Frais de dossier : 70\u20ac TTC&nbsp;<\/li>\n<li>\u00c9valuation de d\u00e9part en Moto : 50\u20ac TTC&nbsp;<\/li>\n<li>22 le\u00e7ons de conduite (8H de plateau hors circulation et 12H de circulation) : 890\u20ac TTC<\/li>\n<li>Frais d&rsquo;accompagnement aux examens pratiques (Hors circulation et Circulation) : 75\u20ac TTC x2<\/li>\n<\/ul>\n<h4><strong>Frais hors Forfait :&nbsp;<\/strong><\/h4>\n<ul>\n<li>Le\u00e7on de conduite en circulation en dehors du forfait : 50\u20ac TTC&nbsp;<\/li>\n<li class=\"remarque\">Le\u00e7on de plateau hors circulation en dehors du forfait : 50\u20ac TTC<\/li>\n<li>Frais d\u2019accompagnement \u00e0 l\u2019examen pratique : 75\u20ac TTC&nbsp;<em>(en cas d&rsquo;\u00e9chec de l&rsquo;examen)<\/em><\/li>\n<\/ul>\t\t\t\t\t\t\t\t<\/div>\n\t\t\t\t<\/div>\n\t\t\t\t<\/div>\n\t\t\t\t\t<\/div>\n\t\t\t\t<\/div>\n\t\t<div class=\"elementor-element elementor-element-68ee4ff e-flex e-con-boxed e-con e-parent\" data-id=\"68ee4ff\" data-element_type=\"container\">\n\t\t\t\t\t<div class=\"e-con-inner\">\n\t\t<div class=\"elementor-element elementor-element-13bc9e2f e-con-full e-flex e-con e-child\" data-id=\"13bc9e2f\" data-element_type=\"container\">\n\t\t\t\t<div class=\"elementor-element elementor-element-4c22ee1b elementor-view-default elementor-widget elementor-widget-icon\" data-id=\"4c22ee1b\" data-element_type=\"widget\" data-widget_type=\"icon.default\">\n\t\t\t\t<div class=\"elementor-widget-container\">\n\t\t\t\t\t\t\t<div class=\"elementor-icon-wrapper\">\n\t\t\t<div class=\"elementor-icon\">\n\t\t\t<svg aria-hidden=\"true\" class=\"e-font-icon-svg e-fas-phone\" viewBox=\"0 0 512 512\" xmlns=\"http:\/\/www.w3.org\/2000\/svg\"><path d=\"M493.4 24.6l-104-24c-11.3-2.6-22.9 3.3-27.5 13.9l-48 112c-4.2 9.8-1.4 21.3 6.9 28l60.6 49.6c-36 76.7-98.9 140.5-177.2 177.2l-49.6-60.6c-6.8-8.3-18.2-11.1-28-6.9l-112 48C3.9 366.5-2 378.1.6 389.4l24 104C27.1 504.2 36.7 512 48 512c256.1 0 464-207.5 464-464 0-11.2-7.7-20.9-18.6-23.4z\"><\/path><\/svg>\t\t\t<\/div>\n\t\t<\/div>\n\t\t\t\t\t\t<\/div>\n\t\t\t\t<\/div>\n\t\t\t\t<\/div>\n\t\t<div class=\"elementor-element elementor-element-62cbf7ac e-con-full e-flex e-con e-child\" data-id=\"62cbf7ac\" data-element_type=\"container\">\n\t\t\t\t<div class=\"elementor-element elementor-element-1289d4d elementor-view-default elementor-widget elementor-widget-icon\" data-id=\"1289d4d\" data-element_type=\"widget\" data-widget_type=\"icon.default\">\n\t\t\t\t<div class=\"elementor-widget-container\">\n\t\t\t\t\t\t\t<div class=\"elementor-icon-wrapper\">\n\t\t\t<div class=\"elementor-icon\">\n\t\t\t<svg aria-hidden=\"true\" class=\"e-font-icon-svg e-far-envelope\" viewBox=\"0 0 512 512\" xmlns=\"http:\/\/www.w3.org\/2000\/svg\"><path d=\"M464 64H48C21.49 64 0 85.49 0 112v288c0 26.51 21.49 48 48 48h416c26.51 0 48-21.49 48-48V112c0-26.51-21.49-48-48-48zm0 48v40.805c-22.422 18.259-58.168 46.651-134.587 106.49-16.841 13.247-50.201 45.072-73.413 44.701-23.208.375-56.579-31.459-73.413-44.701C106.18 199.465 70.425 171.067 48 152.805V112h416zM48 400V214.398c22.914 18.251 55.409 43.862 104.938 82.646 21.857 17.205 60.134 55.186 103.062 54.955 42.717.231 80.509-37.199 103.053-54.947 49.528-38.783 82.032-64.401 104.947-82.653V400H48z\"><\/path><\/svg>\t\t\t<\/div>\n\t\t<\/div>\n\t\t\t\t\t\t<\/div>\n\t\t\t\t<\/div>\n\t\t\t\t<\/div>\n\t\t\t\t\t<\/div>\n\t\t\t\t<\/div>\n\t\t<div class=\"elementor-element elementor-element-4d9330b e-flex e-con-boxed e-con e-parent\" data-id=\"4d9330b\" data-element_type=\"container\">\n\t\t\t\t\t<div class=\"e-con-inner\">\n\t\t<div class=\"elementor-element elementor-element-5f13c7ab e-con-full e-flex e-con e-child\" data-id=\"5f13c7ab\" data-element_type=\"container\">\n\t\t\t\t<div class=\"elementor-element elementor-element-4fb19ca0 elementor-widget elementor-widget-text-editor\" data-id=\"4fb19ca0\" data-element_type=\"widget\" data-widget_type=\"text-editor.default\">\n\t\t\t\t<div class=\"elementor-widget-container\">\n\t\t\t\t\t\t\t\t\t<p><a href=\"https:\/\/www.google.com\/search?q=auto+ecole+du+centre+tain&amp;oq=auto+ecole+du+centre+tain&amp;gs_lcrp=EgZjaHJvbWUyBggAEEUYOdIBCDQ1NzRqMGoxqAIAsAIA&amp;sourceid=chrome&amp;ie=UTF-8#\" data-dtype=\"d3ph\" data-local-attribute=\"d3ph\" data-ved=\"2ahUKEwiegvfT4JGEAxW4RKQEHebZCe0QkAgoAHoECFAQAw\"><span aria-label=\"Appeler le 06 76 39 84 47\">06 76 39 84 47<\/span><\/a> \/ 04 74 07 21 59<\/p>\t\t\t\t\t\t\t\t<\/div>\n\t\t\t\t<\/div>\n\t\t\t\t<\/div>\n\t\t<div class=\"elementor-element elementor-element-672f22c6 e-con-full e-flex e-con e-child\" data-id=\"672f22c6\" data-element_type=\"container\">\n\t\t\t\t<div class=\"elementor-element elementor-element-3d67a591 elementor-widget elementor-widget-text-editor\" data-id=\"3d67a591\" data-element_type=\"widget\" data-widget_type=\"text-editor.default\">\n\t\t\t\t<div class=\"elementor-widget-container\">\n\t\t\t\t\t\t\t\t\t<p>autoecoleducentre.sarl@sfr.fr<\/p>\t\t\t\t\t\t\t\t<\/div>\n\t\t\t\t<\/div>\n\t\t\t\t<\/div>\n\t\t\t\t\t<\/div>\n\t\t\t\t<\/div>\n\t\t\t\t<section class=\"elementor-section elementor-top-section elementor-element elementor-element-3df9cbca elementor-section-boxed elementor-section-height-default elementor-section-height-default\" data-id=\"3df9cbca\" data-element_type=\"section\" data-settings=\"{&quot;background_background&quot;:&quot;classic&quot;}\">\n\t\t\t\t\t\t<div class=\"elementor-container elementor-column-gap-default\">\n\t\t\t\t\t<div class=\"elementor-column elementor-col-100 elementor-top-column elementor-element elementor-element-3fcabc2b\" data-id=\"3fcabc2b\" data-element_type=\"column\">\n\t\t\t<div class=\"elementor-widget-wrap elementor-element-populated\">\n\t\t\t\t\t\t<section class=\"elementor-section elementor-inner-section elementor-element elementor-element-6ca2c73e elementor-section-boxed elementor-section-height-default elementor-section-height-default\" data-id=\"6ca2c73e\" data-element_type=\"section\">\n\t\t\t\t\t\t<div class=\"elementor-container elementor-column-gap-default\">\n\t\t\t\t\t<div class=\"elementor-column elementor-col-25 elementor-inner-column elementor-element elementor-element-655f7a6d\" data-id=\"655f7a6d\" data-element_type=\"column\">\n\t\t\t<div class=\"elementor-widget-wrap elementor-element-populated\">\n\t\t\t\t\t\t<div class=\"elementor-element elementor-element-50da13fa elementor-widget elementor-widget-text-editor\" data-id=\"50da13fa\" data-element_type=\"widget\" data-widget_type=\"text-editor.default\">\n\t\t\t\t<div class=\"elementor-widget-container\">\n\t\t\t\t\t\t\t\t\t<p><a href=\"http:\/\/autoecolecentre.com\/\">Accueil <\/a><\/p><p><a href=\"https:\/\/www.chateau9conduite.com\/\">Trois agences<\/a><\/p>\t\t\t\t\t\t\t\t<\/div>\n\t\t\t\t<\/div>\n\t\t\t\t\t<\/div>\n\t\t<\/div>\n\t\t\t\t<div class=\"elementor-column elementor-col-25 elementor-inner-column elementor-element elementor-element-7e0f6a8f\" data-id=\"7e0f6a8f\" data-element_type=\"column\">\n\t\t\t<div class=\"elementor-widget-wrap elementor-element-populated\">\n\t\t\t\t\t\t<div class=\"elementor-element elementor-element-58b60ba2 elementor-widget elementor-widget-text-editor\" data-id=\"58b60ba2\" data-element_type=\"widget\" data-widget_type=\"text-editor.default\">\n\t\t\t\t<div class=\"elementor-widget-container\">\n\t\t\t\t\t\t\t\t\t<p><a href=\"http:\/\/autoecolecentre.com\/\" target=\"_blank\" rel=\"noopener\">Contact<\/a><\/p><p><a href=\"http:\/\/autoecolecentre.com\/?page_id=373\" target=\"_blank\" rel=\"noopener\">Mentions l\u00e9gales<\/a><\/p>\t\t\t\t\t\t\t\t<\/div>\n\t\t\t\t<\/div>\n\t\t\t\t\t<\/div>\n\t\t<\/div>\n\t\t\t\t<div class=\"elementor-column elementor-col-25 elementor-inner-column elementor-element elementor-element-36466c9b\" data-id=\"36466c9b\" data-element_type=\"column\">\n\t\t\t<div class=\"elementor-widget-wrap elementor-element-populated\">\n\t\t\t\t\t\t<div class=\"elementor-element elementor-element-1ac3ecee elementor-widget elementor-widget-image\" data-id=\"1ac3ecee\" data-element_type=\"widget\" data-widget_type=\"image.default\">\n\t\t\t\t<div class=\"elementor-widget-container\">\n\t\t\t\t\t\t\t\t\t\t\t\t\t\t\t<img decoding=\"async\" src=\"http:\/\/autoecolecentre.com\/wp-content\/uploads\/elementor\/thumbs\/cropped-logo-png-3-qhhgfxrdr24xxnryxbt41zztqel96f7e4y8gas21si.png\" title=\"logo png\" alt=\"ae du centre\" loading=\"lazy\" \/>\t\t\t\t\t\t\t\t\t\t\t\t\t\t\t<\/div>\n\t\t\t\t<\/div>\n\t\t\t\t<div class=\"elementor-element elementor-element-20f1658f elementor-widget elementor-widget-text-editor\" data-id=\"20f1658f\" data-element_type=\"widget\" data-widget_type=\"text-editor.default\">\n\t\t\t\t<div class=\"elementor-widget-container\">\n\t\t\t\t\t\t\t\t\t<p>N\u00b0 d\u2019agr\u00e9ment : E2402600030<br><\/p>\t\t\t\t\t\t\t\t<\/div>\n\t\t\t\t<\/div>\n\t\t\t\t\t<\/div>\n\t\t<\/div>\n\t\t\t\t<div class=\"elementor-column elementor-col-25 elementor-inner-column elementor-element elementor-element-39d2c685\" data-id=\"39d2c685\" data-element_type=\"column\">\n\t\t\t<div class=\"elementor-widget-wrap elementor-element-populated\">\n\t\t\t\t\t\t<div class=\"elementor-element elementor-element-7fc53107 e-grid-align-mobile-left elementor-shape-rounded elementor-grid-0 e-grid-align-center elementor-widget elementor-widget-social-icons\" data-id=\"7fc53107\" data-element_type=\"widget\" data-widget_type=\"social-icons.default\">\n\t\t\t\t<div class=\"elementor-widget-container\">\n\t\t\t\t\t\t\t<div class=\"elementor-social-icons-wrapper elementor-grid\">\n\t\t\t\t\t\t\t<span class=\"elementor-grid-item\">\n\t\t\t\t\t<a class=\"elementor-icon elementor-social-icon elementor-social-icon-facebook elementor-repeater-item-fbb823b\" href=\"https:\/\/www.facebook.com\/chateau9conduite\" target=\"_blank\">\n\t\t\t\t\t\t<span class=\"elementor-screen-only\">Facebook<\/span>\n\t\t\t\t\t\t<svg class=\"e-font-icon-svg e-fab-facebook\" viewBox=\"0 0 512 512\" xmlns=\"http:\/\/www.w3.org\/2000\/svg\"><path d=\"M504 256C504 119 393 8 256 8S8 119 8 256c0 123.78 90.69 226.38 209.25 245V327.69h-63V256h63v-54.64c0-62.15 37-96.48 93.67-96.48 27.14 0 55.52 4.84 55.52 4.84v61h-31.28c-30.8 0-40.41 19.12-40.41 38.73V256h68.78l-11 71.69h-57.78V501C413.31 482.38 504 379.78 504 256z\"><\/path><\/svg>\t\t\t\t\t<\/a>\n\t\t\t\t<\/span>\n\t\t\t\t\t\t\t<span class=\"elementor-grid-item\">\n\t\t\t\t\t<a class=\"elementor-icon elementor-social-icon elementor-social-icon-instagram elementor-repeater-item-89f0051\" href=\"https:\/\/www.instagram.com\/chateau9stmarcel_conduite\/\" target=\"_blank\">\n\t\t\t\t\t\t<span class=\"elementor-screen-only\">Instagram<\/span>\n\t\t\t\t\t\t<svg class=\"e-font-icon-svg e-fab-instagram\" viewBox=\"0 0 448 512\" xmlns=\"http:\/\/www.w3.org\/2000\/svg\"><path d=\"M224.1 141c-63.6 0-114.9 51.3-114.9 114.9s51.3 114.9 114.9 114.9S339 319.5 339 255.9 287.7 141 224.1 141zm0 189.6c-41.1 0-74.7-33.5-74.7-74.7s33.5-74.7 74.7-74.7 74.7 33.5 74.7 74.7-33.6 74.7-74.7 74.7zm146.4-194.3c0 14.9-12 26.8-26.8 26.8-14.9 0-26.8-12-26.8-26.8s12-26.8 26.8-26.8 26.8 12 26.8 26.8zm76.1 27.2c-1.7-35.9-9.9-67.7-36.2-93.9-26.2-26.2-58-34.4-93.9-36.2-37-2.1-147.9-2.1-184.9 0-35.8 1.7-67.6 9.9-93.9 36.1s-34.4 58-36.2 93.9c-2.1 37-2.1 147.9 0 184.9 1.7 35.9 9.9 67.7 36.2 93.9s58 34.4 93.9 36.2c37 2.1 147.9 2.1 184.9 0 35.9-1.7 67.7-9.9 93.9-36.2 26.2-26.2 34.4-58 36.2-93.9 2.1-37 2.1-147.8 0-184.8zM398.8 388c-7.8 19.6-22.9 34.7-42.6 42.6-29.5 11.7-99.5 9-132.1 9s-102.7 2.6-132.1-9c-19.6-7.8-34.7-22.9-42.6-42.6-11.7-29.5-9-99.5-9-132.1s-2.6-102.7 9-132.1c7.8-19.6 22.9-34.7 42.6-42.6 29.5-11.7 99.5-9 132.1-9s102.7-2.6 132.1 9c19.6 7.8 34.7 22.9 42.6 42.6 11.7 29.5 9 99.5 9 132.1s2.7 102.7-9 132.1z\"><\/path><\/svg>\t\t\t\t\t<\/a>\n\t\t\t\t<\/span>\n\t\t\t\t\t<\/div>\n\t\t\t\t\t\t<\/div>\n\t\t\t\t<\/div>\n\t\t\t\t\t<\/div>\n\t\t<\/div>\n\t\t\t\t\t<\/div>\n\t\t<\/section>\n\t\t\t\t<div class=\"elementor-element elementor-element-7d046d5b elementor-widget elementor-widget-text-editor\" data-id=\"7d046d5b\" data-element_type=\"widget\" data-widget_type=\"text-editor.default\">\n\t\t\t\t<div class=\"elementor-widget-container\">\n\t\t\t\t\t\t\t\t\t<p>Copyright Auto Ecole du centre\u00a0<\/p>\t\t\t\t\t\t\t\t<\/div>\n\t\t\t\t<\/div>\n\t\t\t\t\t<\/div>\n\t\t<\/div>\n\t\t\t\t\t<\/div>\n\t\t<\/section>\n\t\t\t\t<\/div>\n\t\t","protected":false},"excerpt":{"rendered":"<p>Permis Moto A2 \/ A1(125cm3) intensif 4 Jours Vous recherchez une auto-\u00e9cole pour passer votre permis moto A2 ou A1 dans les environs de Tain l&rsquo;hermitage, Saint vallier, Tournon sur Rh\u00f4ne ?\u00a0 Contactez-nous. Le permis A2 offre la possibilit\u00e9 de conduire: Une moto inf\u00e9rieur ou \u00e9gal \u00e0 35KW La puissance ne peut r\u00e9sulter du bridage [&hellip;]<\/p>\n","protected":false},"author":1,"featured_media":0,"parent":0,"menu_order":0,"comment_status":"closed","ping_status":"closed","template":"","meta":{"_monsterinsights_skip_tracking":false,"_monsterinsights_sitenote_active":false,"_monsterinsights_sitenote_note":"","_monsterinsights_sitenote_category":0,"site-sidebar-layout":"no-sidebar","site-content-layout":"","ast-site-content-layout":"full-width-container","site-content-style":"default","site-sidebar-style":"default","ast-global-header-display":"","ast-banner-title-visibility":"","ast-main-header-display":"","ast-hfb-above-header-display":"","ast-hfb-below-header-display":"","ast-hfb-mobile-header-display":"","site-post-title":"disabled","ast-breadcrumbs-content":"","ast-featured-img":"disabled","footer-sml-layout":"","theme-transparent-header-meta":"","adv-header-id-meta":"","stick-header-meta":"","header-above-stick-meta":"","header-main-stick-meta":"","header-below-stick-meta":"","astra-migrate-meta-layouts":"default","ast-page-background-enabled":"default","ast-page-background-meta":{"desktop":{"background-color":"var(--ast-global-color-4)","background-image":"","background-repeat":"repeat","background-position":"center center","background-size":"auto","background-attachment":"scroll","background-type":"","background-media":"","overlay-type":"","overlay-color":"","overlay-opacity":"","overlay-gradient":""},"tablet":{"background-color":"","background-image":"","background-repeat":"repeat","background-position":"center center","background-size":"auto","background-attachment":"scroll","background-type":"","background-media":"","overlay-type":"","overlay-color":"","overlay-opacity":"","overlay-gradient":""},"mobile":{"background-color":"","background-image":"","background-repeat":"repeat","background-position":"center center","background-size":"auto","background-attachment":"scroll","background-type":"","background-media":"","overlay-type":"","overlay-color":"","overlay-opacity":"","overlay-gradient":""}},"ast-content-background-meta":{"desktop":{"background-color":"var(--ast-global-color-5)","background-image":"","background-repeat":"repeat","background-position":"center center","background-size":"auto","background-attachment":"scroll","background-type":"","background-media":"","overlay-type":"","overlay-color":"","overlay-opacity":"","overlay-gradient":""},"tablet":{"background-color":"var(--ast-global-color-5)","background-image":"","background-repeat":"repeat","background-position":"center center","background-size":"auto","background-attachment":"scroll","background-type":"","background-media":"","overlay-type":"","overlay-color":"","overlay-opacity":"","overlay-gradient":""},"mobile":{"background-color":"var(--ast-global-color-5)","background-image":"","background-repeat":"repeat","background-position":"center center","background-size":"auto","background-attachment":"scroll","background-type":"","background-media":"","overlay-type":"","overlay-color":"","overlay-opacity":"","overlay-gradient":""}},"footnotes":""},"class_list":["post-291","page","type-page","status-publish","hentry"],"aioseo_notices":[],"_links":{"self":[{"href":"http:\/\/autoecolecentre.com\/index.php?rest_route=\/wp\/v2\/pages\/291","targetHints":{"allow":["GET"]}}],"collection":[{"href":"http:\/\/autoecolecentre.com\/index.php?rest_route=\/wp\/v2\/pages"}],"about":[{"href":"http:\/\/autoecolecentre.com\/index.php?rest_route=\/wp\/v2\/types\/page"}],"author":[{"embeddable":true,"href":"http:\/\/autoecolecentre.com\/index.php?rest_route=\/wp\/v2\/users\/1"}],"replies":[{"embeddable":true,"href":"http:\/\/autoecolecentre.com\/index.php?rest_route=%2Fwp%2Fv2%2Fcomments&post=291"}],"version-history":[{"count":28,"href":"http:\/\/autoecolecentre.com\/index.php?rest_route=\/wp\/v2\/pages\/291\/revisions"}],"predecessor-version":[{"id":647,"href":"http:\/\/autoecolecentre.com\/index.php?rest_route=\/wp\/v2\/pages\/291\/revisions\/647"}],"wp:attachment":[{"href":"http:\/\/autoecolecentre.com\/index.php?rest_route=%2Fwp%2Fv2%2Fmedia&parent=291"}],"curies":[{"name":"wp","href":"https:\/\/api.w.org\/{rel}","templated":true}]}}