{"id":201,"date":"2024-01-20T22:54:53","date_gmt":"2024-01-20T21:54:53","guid":{"rendered":"http:\/\/autoecolecentre.com\/?page_id=201"},"modified":"2026-01-16T14:18:40","modified_gmt":"2026-01-16T13:18:40","slug":"permis-b-boite-automatique","status":"publish","type":"page","link":"http:\/\/autoecolecentre.com\/?page_id=201","title":{"rendered":"Permis B bo\u00eete automatique"},"content":{"rendered":"\t\t<div data-elementor-type=\"wp-page\" data-elementor-id=\"201\" class=\"elementor elementor-201\">\n\t\t\t\t\t\t<section class=\"elementor-section elementor-top-section elementor-element elementor-element-a9e9c77 elementor-section-boxed elementor-section-height-default elementor-section-height-default\" data-id=\"a9e9c77\" data-element_type=\"section\">\n\t\t\t\t\t\t<div class=\"elementor-container elementor-column-gap-default\">\n\t\t\t\t\t<div class=\"elementor-column elementor-col-100 elementor-top-column elementor-element elementor-element-10b33ad\" data-id=\"10b33ad\" data-element_type=\"column\">\n\t\t\t<div class=\"elementor-widget-wrap elementor-element-populated\">\n\t\t\t\t\t\t<div class=\"elementor-element elementor-element-01e67f7 elementor-widget-mobile__width-initial elementor-widget elementor-widget-heading\" data-id=\"01e67f7\" data-element_type=\"widget\" data-widget_type=\"heading.default\">\n\t\t\t\t<div class=\"elementor-widget-container\">\n\t\t\t\t\t<h1 class=\"elementor-heading-title elementor-size-default\">Permis B bo\u00eete automatique<\/h1>\t\t\t\t<\/div>\n\t\t\t\t<\/div>\n\t\t\t\t<div class=\"elementor-element elementor-element-fc9889d elementor-widget elementor-widget-spacer\" data-id=\"fc9889d\" data-element_type=\"widget\" data-widget_type=\"spacer.default\">\n\t\t\t\t<div class=\"elementor-widget-container\">\n\t\t\t\t\t\t\t<div class=\"elementor-spacer\">\n\t\t\t<div class=\"elementor-spacer-inner\"><\/div>\n\t\t<\/div>\n\t\t\t\t\t\t<\/div>\n\t\t\t\t<\/div>\n\t\t\t\t<div class=\"elementor-element elementor-element-73d4c91 elementor-widget elementor-widget-text-editor\" data-id=\"73d4c91\" data-element_type=\"widget\" data-widget_type=\"text-editor.default\">\n\t\t\t\t<div class=\"elementor-widget-container\">\n\t\t\t\t\t\t\t\t\t<h3><strong>Vous recherchez une auto-\u00e9cole pour passer votre permis B bo\u00eete automatique sur Tain l&rsquo;Hermitage, Tournon sur Rh\u00f4ne, Crozes Hermitage? Contactez Auto \u00e9cole du centre !<\/strong><\/h3>\t\t\t\t\t\t\t\t<\/div>\n\t\t\t\t<\/div>\n\t\t\t\t<div class=\"elementor-element elementor-element-d07e84b elementor-widget elementor-widget-text-editor\" data-id=\"d07e84b\" data-element_type=\"widget\" data-widget_type=\"text-editor.default\">\n\t\t\t\t<div class=\"elementor-widget-container\">\n\t\t\t\t\t\t\t\t\t<h4><strong><span style=\"text-decoration: underline;\">Forfait Permis B Boite automatique&nbsp; : 850\u20ac TTC*<\/span>&nbsp;<\/strong><\/h4>\n<p class=\"remarque\"><em>*(Paiement en 2 fois possible sans frais)<\/em><\/p>\n<h3 class=\"paragraph-title title\"><span style=\"text-decoration: underline;\"><strong>Compris dans le forfait<\/strong><\/span><\/h3>\n<ul>\n<li>13 le\u00e7ons de conduite : 780\u20ac TTC&nbsp;<\/li>\n<li>Frais d&rsquo;accompagnement \u00e0 l&rsquo;examen pratique : 55\u20ac TTC<\/li>\n<\/ul>\n<p><span style=\"text-decoration: underline;\"><em><strong>Le\u00e7on de conduite en dehors du forfait et\/ou \u00e9valuation dynamique: 55\u20ac<\/strong><\/em><\/span><\/p>\n<h3><span style=\"text-decoration: underline;\"><strong>Permis B Traditionnel \u00e0 partir de 17 ans<\/strong><\/span><\/h3>\n<p><em>Vous allez apprendre \u00e0 manipuler une automobile, \u00e0 circuler dans diff\u00e9rentes configurations et \u00e0 en conna\u00eetre les risques et les limites.<\/em><\/p>\n<p><em>Cela demande de la motivation et de la pers\u00e9v\u00e9rance.<\/em><\/p>\n<p><em>Le parcours de formation qui vous est propos\u00e9 vous permettra de progresser.<\/em><\/p>\n<p><em><strong>C&rsquo;est pourquoi tout l&rsquo;enjeux de la conduite est de conna\u00eetre les r\u00e8gles du code de la route et de devenir un conducteur responsable.<\/strong><\/em><\/p>\n<p><em>Tout d&rsquo;abord vous allez commencer par une \u00e9valution de d\u00e9part en voiture avec un enseignant de la conduite et de la s\u00e9curit\u00e9 routi\u00e8re. Le proc\u00e9d\u00e9 d&rsquo;\u00e9valuation est t\u00e9l\u00e9chargeable&nbsp;<a href=\"https:\/\/www.chateau9conduite.com\/assets\/components\/revogallerytt\/uploads\/1.1%20Eval%20D%C3%A9part%20B.pdf\" target=\"_blank\" rel=\"noopener\">ici<\/a><\/em><\/p>\n<p><em>Le programme de formation est une vue d&rsquo;ensemble des diff\u00e9rentes comp\u00e9tences qu&rsquo;un conducteur responsable doit acqu\u00e9rir pour ne pas mettre en danger sa vie ni celle des autres usagers de la route.<\/em><\/p>\n<p><em><strong>Ce programme se d\u00e9compose en 4 comp\u00e9tences :<\/strong><\/em><\/p>\n<ul>\n<li><em><strong>Maitriser le maniement du v\u00e9hicule dans un trafic faible ou nul<\/strong><\/em><\/li>\n<li><em><strong>Appr\u00e9hender la route et circuler dans des conditions normales<\/strong><\/em><\/li>\n<li><em><strong>Circuler dans des conditions difficiles et partager la route avec les autres usagers<\/strong><\/em><\/li>\n<li><em><strong>Pratiquer une conduite autonome, s\u00fbre et \u00e9conomique.<\/strong><\/em><\/li>\n<\/ul>\n<p><em>L\u2019objectif g\u00e9n\u00e9ral est d\u2019amener tout automobiliste d\u00e9butant \u00e0 la&nbsp;<strong>ma\u00eetrise de comp\u00e9tences en termes de savoir \u00eatre, savoirs, savoir-faire et savoir devenir.<\/strong><\/em><\/p>\n<p><em>En bref apprendre \u00e0 conduire est une d\u00e9marche \u00e9ducative exigeante<\/em><\/p>\n<p><em><a href=\"https:\/\/www.chateau9conduite.com\/assets\/components\/revogallerytt\/uploads\/1.5%20-%20RDV%20post%20permis.pdf\" target=\"_blank\" rel=\"noopener\">Rendez vous post-permis (falcultatif)&nbsp;<\/a>&nbsp;&amp;<a href=\"https:\/\/www.chateau9conduite.com\/assets\/components\/revogallerytt\/uploads\/2.2%20Enjeux%20formation%20et%20d%C3%A9roulement%20%C3%A9preuve.pdf\" target=\"_blank\" rel=\"noopener\">&nbsp;Enjeux de la formation et d\u00e9roulement des examens<\/a><\/em><\/p>\n<p><em>Nous vous proposons diff\u00e9rents financements : Paiement en plusieurs fois sans frais, pour les 15 &#8211; 25 ans titulaire de la carte&nbsp;<a href=\"https:\/\/jeunes.auvergnerhonealpes.fr\/223-permis-de-conduire-et-bafa.htm\" target=\"_blank\" rel=\"noopener\" data-type=\"external\" data-content=\"https:\/\/jeunes.auvergnerhonealpes.fr\/223-permis-de-conduire-et-bafa.htm\">Pass&rsquo;R\u00e9gion<\/a>&nbsp;un financement est possible ou financement gr\u00e2ce au&nbsp;<a href=\"https:\/\/www.securite-routiere.gouv.fr\/passer-son-permis-de-conduire\/financement-du-permis-de-conduire\/permis-1-eu-par-jour\/definition-du\" target=\"_blank\" rel=\"noopener\">permis \u00e0 1\u20ac\/jours<\/a>.&nbsp;<\/em><\/p>\n<p><span style=\"text-decoration: underline;\"><strong>DOCUMENTS A FOURNIR<\/strong><\/span><\/p>\n<ul>\n<li>Photos d&rsquo;identit\u00e9s num\u00e9riques (E-Photo)<\/li>\n<li>Pi\u00e8ce d&rsquo;identit\u00e9 du candidat<\/li>\n<li>Pi\u00e8ce d&rsquo;identit\u00e9 du responsable l\u00e9gal \/ h\u00e9bergeant<\/li>\n<li>Attestation de recensement (16 \u00e0 17ans)<\/li>\n<li>Attestation de la Journ\u00e9e d\u00e9fense et citoyenne (JDC) (17 \u00e0 25ans)<\/li>\n<li>Permis AM (BSR)=&gt; <i>Si Obtenu<\/i><\/li>\n<li>Justificatif de domicile datant de moins de 3 mois<\/li>\n<li>Une attestation sur l&rsquo;honneur d&rsquo;h\u00e9bergement sign\u00e9e par les deux parties<\/li>\n<\/ul>\n<h5 align=\"justify\">&nbsp;<\/h5>\t\t\t\t\t\t\t\t<\/div>\n\t\t\t\t<\/div>\n\t\t\t\t\t<\/div>\n\t\t<\/div>\n\t\t\t\t\t<\/div>\n\t\t<\/section>\n\t\t\t\t<section class=\"elementor-section elementor-top-section elementor-element elementor-element-bc6b6c5 elementor-section-boxed elementor-section-height-default elementor-section-height-default\" data-id=\"bc6b6c5\" data-element_type=\"section\" data-settings=\"{&quot;background_background&quot;:&quot;classic&quot;}\">\n\t\t\t\t\t\t<div class=\"elementor-container elementor-column-gap-default\">\n\t\t\t\t\t<div class=\"elementor-column elementor-col-100 elementor-top-column elementor-element elementor-element-687e81c0\" data-id=\"687e81c0\" data-element_type=\"column\">\n\t\t\t<div class=\"elementor-widget-wrap elementor-element-populated\">\n\t\t\t\t\t\t<section class=\"elementor-section elementor-inner-section elementor-element elementor-element-99240d4 elementor-section-boxed elementor-section-height-default elementor-section-height-default\" data-id=\"99240d4\" data-element_type=\"section\">\n\t\t\t\t\t\t<div class=\"elementor-container elementor-column-gap-default\">\n\t\t\t\t\t<div class=\"elementor-column elementor-col-25 elementor-inner-column elementor-element elementor-element-5dfaafc0\" data-id=\"5dfaafc0\" data-element_type=\"column\">\n\t\t\t<div class=\"elementor-widget-wrap elementor-element-populated\">\n\t\t\t\t\t\t<div class=\"elementor-element elementor-element-3fe8b72b elementor-widget elementor-widget-text-editor\" data-id=\"3fe8b72b\" data-element_type=\"widget\" data-widget_type=\"text-editor.default\">\n\t\t\t\t<div class=\"elementor-widget-container\">\n\t\t\t\t\t\t\t\t\t<p><a href=\"http:\/\/autoecolecentre.com\/\">Accueil <\/a><\/p><p><a href=\"https:\/\/www.chateau9conduite.com\/\">Trois agences<\/a><\/p>\t\t\t\t\t\t\t\t<\/div>\n\t\t\t\t<\/div>\n\t\t\t\t\t<\/div>\n\t\t<\/div>\n\t\t\t\t<div class=\"elementor-column elementor-col-25 elementor-inner-column elementor-element elementor-element-5c334879\" data-id=\"5c334879\" data-element_type=\"column\">\n\t\t\t<div class=\"elementor-widget-wrap elementor-element-populated\">\n\t\t\t\t\t\t<div class=\"elementor-element elementor-element-3eb22347 elementor-widget elementor-widget-text-editor\" data-id=\"3eb22347\" data-element_type=\"widget\" data-widget_type=\"text-editor.default\">\n\t\t\t\t<div class=\"elementor-widget-container\">\n\t\t\t\t\t\t\t\t\t<p><a href=\"http:\/\/autoecolecentre.com\/\" target=\"_blank\" rel=\"noopener\">Contact<\/a><\/p><p><a href=\"http:\/\/autoecolecentre.com\/?page_id=373\" target=\"_blank\" rel=\"noopener\">Mentions l\u00e9gales<\/a><\/p>\t\t\t\t\t\t\t\t<\/div>\n\t\t\t\t<\/div>\n\t\t\t\t\t<\/div>\n\t\t<\/div>\n\t\t\t\t<div class=\"elementor-column elementor-col-25 elementor-inner-column elementor-element elementor-element-16033ea9\" data-id=\"16033ea9\" data-element_type=\"column\">\n\t\t\t<div class=\"elementor-widget-wrap elementor-element-populated\">\n\t\t\t\t\t\t<div class=\"elementor-element elementor-element-31bd1fb1 elementor-widget elementor-widget-image\" data-id=\"31bd1fb1\" data-element_type=\"widget\" data-widget_type=\"image.default\">\n\t\t\t\t<div class=\"elementor-widget-container\">\n\t\t\t\t\t\t\t\t\t\t\t\t\t\t\t<img decoding=\"async\" src=\"http:\/\/autoecolecentre.com\/wp-content\/uploads\/elementor\/thumbs\/cropped-logo-png-3-qhhgfxrdr24xxnryxbt41zztqel96f7e4y8gas21si.png\" title=\"logo png\" alt=\"ae du centre\" loading=\"lazy\" \/>\t\t\t\t\t\t\t\t\t\t\t\t\t\t\t<\/div>\n\t\t\t\t<\/div>\n\t\t\t\t<div class=\"elementor-element elementor-element-6b9fbd3d elementor-widget elementor-widget-text-editor\" data-id=\"6b9fbd3d\" data-element_type=\"widget\" data-widget_type=\"text-editor.default\">\n\t\t\t\t<div class=\"elementor-widget-container\">\n\t\t\t\t\t\t\t\t\t<p>N\u00b0 d\u2019agr\u00e9ment : E2402600030<br><\/p>\t\t\t\t\t\t\t\t<\/div>\n\t\t\t\t<\/div>\n\t\t\t\t\t<\/div>\n\t\t<\/div>\n\t\t\t\t<div class=\"elementor-column elementor-col-25 elementor-inner-column elementor-element elementor-element-42f10e8d\" data-id=\"42f10e8d\" data-element_type=\"column\">\n\t\t\t<div class=\"elementor-widget-wrap elementor-element-populated\">\n\t\t\t\t\t\t<div class=\"elementor-element elementor-element-38ec7a8b e-grid-align-mobile-left elementor-shape-rounded elementor-grid-0 e-grid-align-center elementor-widget elementor-widget-social-icons\" data-id=\"38ec7a8b\" data-element_type=\"widget\" data-widget_type=\"social-icons.default\">\n\t\t\t\t<div class=\"elementor-widget-container\">\n\t\t\t\t\t\t\t<div class=\"elementor-social-icons-wrapper elementor-grid\">\n\t\t\t\t\t\t\t<span class=\"elementor-grid-item\">\n\t\t\t\t\t<a class=\"elementor-icon elementor-social-icon elementor-social-icon-facebook elementor-repeater-item-fbb823b\" href=\"https:\/\/www.facebook.com\/chateau9conduite\" target=\"_blank\">\n\t\t\t\t\t\t<span class=\"elementor-screen-only\">Facebook<\/span>\n\t\t\t\t\t\t<svg class=\"e-font-icon-svg e-fab-facebook\" viewBox=\"0 0 512 512\" xmlns=\"http:\/\/www.w3.org\/2000\/svg\"><path d=\"M504 256C504 119 393 8 256 8S8 119 8 256c0 123.78 90.69 226.38 209.25 245V327.69h-63V256h63v-54.64c0-62.15 37-96.48 93.67-96.48 27.14 0 55.52 4.84 55.52 4.84v61h-31.28c-30.8 0-40.41 19.12-40.41 38.73V256h68.78l-11 71.69h-57.78V501C413.31 482.38 504 379.78 504 256z\"><\/path><\/svg>\t\t\t\t\t<\/a>\n\t\t\t\t<\/span>\n\t\t\t\t\t\t\t<span class=\"elementor-grid-item\">\n\t\t\t\t\t<a class=\"elementor-icon elementor-social-icon elementor-social-icon-instagram elementor-repeater-item-89f0051\" href=\"https:\/\/www.instagram.com\/chateau9stmarcel_conduite\/\" target=\"_blank\">\n\t\t\t\t\t\t<span class=\"elementor-screen-only\">Instagram<\/span>\n\t\t\t\t\t\t<svg class=\"e-font-icon-svg e-fab-instagram\" viewBox=\"0 0 448 512\" xmlns=\"http:\/\/www.w3.org\/2000\/svg\"><path d=\"M224.1 141c-63.6 0-114.9 51.3-114.9 114.9s51.3 114.9 114.9 114.9S339 319.5 339 255.9 287.7 141 224.1 141zm0 189.6c-41.1 0-74.7-33.5-74.7-74.7s33.5-74.7 74.7-74.7 74.7 33.5 74.7 74.7-33.6 74.7-74.7 74.7zm146.4-194.3c0 14.9-12 26.8-26.8 26.8-14.9 0-26.8-12-26.8-26.8s12-26.8 26.8-26.8 26.8 12 26.8 26.8zm76.1 27.2c-1.7-35.9-9.9-67.7-36.2-93.9-26.2-26.2-58-34.4-93.9-36.2-37-2.1-147.9-2.1-184.9 0-35.8 1.7-67.6 9.9-93.9 36.1s-34.4 58-36.2 93.9c-2.1 37-2.1 147.9 0 184.9 1.7 35.9 9.9 67.7 36.2 93.9s58 34.4 93.9 36.2c37 2.1 147.9 2.1 184.9 0 35.9-1.7 67.7-9.9 93.9-36.2 26.2-26.2 34.4-58 36.2-93.9 2.1-37 2.1-147.8 0-184.8zM398.8 388c-7.8 19.6-22.9 34.7-42.6 42.6-29.5 11.7-99.5 9-132.1 9s-102.7 2.6-132.1-9c-19.6-7.8-34.7-22.9-42.6-42.6-11.7-29.5-9-99.5-9-132.1s-2.6-102.7 9-132.1c7.8-19.6 22.9-34.7 42.6-42.6 29.5-11.7 99.5-9 132.1-9s102.7-2.6 132.1 9c19.6 7.8 34.7 22.9 42.6 42.6 11.7 29.5 9 99.5 9 132.1s2.7 102.7-9 132.1z\"><\/path><\/svg>\t\t\t\t\t<\/a>\n\t\t\t\t<\/span>\n\t\t\t\t\t<\/div>\n\t\t\t\t\t\t<\/div>\n\t\t\t\t<\/div>\n\t\t\t\t\t<\/div>\n\t\t<\/div>\n\t\t\t\t\t<\/div>\n\t\t<\/section>\n\t\t\t\t<div class=\"elementor-element elementor-element-104bb0b6 elementor-widget elementor-widget-text-editor\" data-id=\"104bb0b6\" data-element_type=\"widget\" data-widget_type=\"text-editor.default\">\n\t\t\t\t<div class=\"elementor-widget-container\">\n\t\t\t\t\t\t\t\t\t<p>Copyright Auto Ecole du centre\u00a0<\/p>\t\t\t\t\t\t\t\t<\/div>\n\t\t\t\t<\/div>\n\t\t\t\t\t<\/div>\n\t\t<\/div>\n\t\t\t\t\t<\/div>\n\t\t<\/section>\n\t\t\t\t<\/div>\n\t\t","protected":false},"excerpt":{"rendered":"<p>Permis B bo\u00eete automatique Vous recherchez une auto-\u00e9cole pour passer votre permis B bo\u00eete automatique sur Tain l&rsquo;Hermitage, Tournon sur Rh\u00f4ne, Crozes Hermitage? Contactez Auto \u00e9cole du centre ! Forfait Permis B Boite automatique&nbsp; : 850\u20ac TTC*&nbsp; *(Paiement en 2 fois possible sans frais) Compris dans le forfait 13 le\u00e7ons de conduite : 780\u20ac TTC&nbsp; [&hellip;]<\/p>\n","protected":false},"author":1,"featured_media":0,"parent":0,"menu_order":0,"comment_status":"closed","ping_status":"closed","template":"","meta":{"_monsterinsights_skip_tracking":false,"_monsterinsights_sitenote_active":false,"_monsterinsights_sitenote_note":"","_monsterinsights_sitenote_category":0,"site-sidebar-layout":"no-sidebar","site-content-layout":"","ast-site-content-layout":"full-width-container","site-content-style":"default","site-sidebar-style":"default","ast-global-header-display":"","ast-banner-title-visibility":"","ast-main-header-display":"","ast-hfb-above-header-display":"","ast-hfb-below-header-display":"","ast-hfb-mobile-header-display":"","site-post-title":"disabled","ast-breadcrumbs-content":"","ast-featured-img":"disabled","footer-sml-layout":"","theme-transparent-header-meta":"","adv-header-id-meta":"","stick-header-meta":"","header-above-stick-meta":"","header-main-stick-meta":"","header-below-stick-meta":"","astra-migrate-meta-layouts":"default","ast-page-background-enabled":"default","ast-page-background-meta":{"desktop":{"background-color":"var(--ast-global-color-4)","background-image":"","background-repeat":"repeat","background-position":"center center","background-size":"auto","background-attachment":"scroll","background-type":"","background-media":"","overlay-type":"","overlay-color":"","overlay-opacity":"","overlay-gradient":""},"tablet":{"background-color":"","background-image":"","background-repeat":"repeat","background-position":"center center","background-size":"auto","background-attachment":"scroll","background-type":"","background-media":"","overlay-type":"","overlay-color":"","overlay-opacity":"","overlay-gradient":""},"mobile":{"background-color":"","background-image":"","background-repeat":"repeat","background-position":"center center","background-size":"auto","background-attachment":"scroll","background-type":"","background-media":"","overlay-type":"","overlay-color":"","overlay-opacity":"","overlay-gradient":""}},"ast-content-background-meta":{"desktop":{"background-color":"var(--ast-global-color-5)","background-image":"","background-repeat":"repeat","background-position":"center center","background-size":"auto","background-attachment":"scroll","background-type":"","background-media":"","overlay-type":"","overlay-color":"","overlay-opacity":"","overlay-gradient":""},"tablet":{"background-color":"var(--ast-global-color-5)","background-image":"","background-repeat":"repeat","background-position":"center center","background-size":"auto","background-attachment":"scroll","background-type":"","background-media":"","overlay-type":"","overlay-color":"","overlay-opacity":"","overlay-gradient":""},"mobile":{"background-color":"var(--ast-global-color-5)","background-image":"","background-repeat":"repeat","background-position":"center center","background-size":"auto","background-attachment":"scroll","background-type":"","background-media":"","overlay-type":"","overlay-color":"","overlay-opacity":"","overlay-gradient":""}},"footnotes":""},"class_list":["post-201","page","type-page","status-publish","hentry"],"aioseo_notices":[],"_links":{"self":[{"href":"http:\/\/autoecolecentre.com\/index.php?rest_route=\/wp\/v2\/pages\/201","targetHints":{"allow":["GET"]}}],"collection":[{"href":"http:\/\/autoecolecentre.com\/index.php?rest_route=\/wp\/v2\/pages"}],"about":[{"href":"http:\/\/autoecolecentre.com\/index.php?rest_route=\/wp\/v2\/types\/page"}],"author":[{"embeddable":true,"href":"http:\/\/autoecolecentre.com\/index.php?rest_route=\/wp\/v2\/users\/1"}],"replies":[{"embeddable":true,"href":"http:\/\/autoecolecentre.com\/index.php?rest_route=%2Fwp%2Fv2%2Fcomments&post=201"}],"version-history":[{"count":20,"href":"http:\/\/autoecolecentre.com\/index.php?rest_route=\/wp\/v2\/pages\/201\/revisions"}],"predecessor-version":[{"id":641,"href":"http:\/\/autoecolecentre.com\/index.php?rest_route=\/wp\/v2\/pages\/201\/revisions\/641"}],"wp:attachment":[{"href":"http:\/\/autoecolecentre.com\/index.php?rest_route=%2Fwp%2Fv2%2Fmedia&parent=201"}],"curies":[{"name":"wp","href":"https:\/\/api.w.org\/{rel}","templated":true}]}}