{"id":190,"date":"2024-01-20T22:47:56","date_gmt":"2024-01-20T21:47:56","guid":{"rendered":"http:\/\/autoecolecentre.com\/?page_id=190"},"modified":"2026-02-01T13:37:00","modified_gmt":"2026-02-01T12:37:00","slug":"permis-am-bsr","status":"publish","type":"page","link":"http:\/\/autoecolecentre.com\/?page_id=190","title":{"rendered":"Permis AM (BSR)"},"content":{"rendered":"\t\t<div data-elementor-type=\"wp-page\" data-elementor-id=\"190\" class=\"elementor elementor-190\">\n\t\t\t\t\t\t<section class=\"elementor-section elementor-top-section elementor-element elementor-element-739610c elementor-section-boxed elementor-section-height-default elementor-section-height-default\" data-id=\"739610c\" data-element_type=\"section\">\n\t\t\t\t\t\t<div class=\"elementor-container elementor-column-gap-default\">\n\t\t\t\t\t<div class=\"elementor-column elementor-col-100 elementor-top-column elementor-element elementor-element-6b6cab4\" data-id=\"6b6cab4\" data-element_type=\"column\">\n\t\t\t<div class=\"elementor-widget-wrap elementor-element-populated\">\n\t\t\t\t\t\t<div class=\"elementor-element elementor-element-e07595f elementor-widget elementor-widget-heading\" data-id=\"e07595f\" data-element_type=\"widget\" data-widget_type=\"heading.default\">\n\t\t\t\t<div class=\"elementor-widget-container\">\n\t\t\t\t\t<h1 class=\"elementor-heading-title elementor-size-default\">Permis AM (BSR) Cyclomoteur ou Voiturette<\/h1>\t\t\t\t<\/div>\n\t\t\t\t<\/div>\n\t\t\t\t<div class=\"elementor-element elementor-element-163f3f3 elementor-widget elementor-widget-spacer\" data-id=\"163f3f3\" data-element_type=\"widget\" data-widget_type=\"spacer.default\">\n\t\t\t\t<div class=\"elementor-widget-container\">\n\t\t\t\t\t\t\t<div class=\"elementor-spacer\">\n\t\t\t<div class=\"elementor-spacer-inner\"><\/div>\n\t\t<\/div>\n\t\t\t\t\t\t<\/div>\n\t\t\t\t<\/div>\n\t\t\t\t<div class=\"elementor-element elementor-element-9566aac elementor-widget elementor-widget-text-editor\" data-id=\"9566aac\" data-element_type=\"widget\" data-widget_type=\"text-editor.default\">\n\t\t\t\t<div class=\"elementor-widget-container\">\n\t\t\t\t\t\t\t\t\t<h3><strong>Vous recherchez une auto-\u00e9cole pour passer votre permis AM (BSR) sur Tain l&rsquo;Hermitage, Tournon sur Rh\u00f4ne, Crozes Hermitage, Gervans? <br \/>Contactez Auto \u00e9cole du centre.<\/strong><\/h3>\t\t\t\t\t\t\t\t<\/div>\n\t\t\t\t<\/div>\n\t\t\t\t<div class=\"elementor-element elementor-element-2dcae35 elementor-widget elementor-widget-spacer\" data-id=\"2dcae35\" data-element_type=\"widget\" data-widget_type=\"spacer.default\">\n\t\t\t\t<div class=\"elementor-widget-container\">\n\t\t\t\t\t\t\t<div class=\"elementor-spacer\">\n\t\t\t<div class=\"elementor-spacer-inner\"><\/div>\n\t\t<\/div>\n\t\t\t\t\t\t<\/div>\n\t\t\t\t<\/div>\n\t\t\t\t\t<\/div>\n\t\t<\/div>\n\t\t\t\t\t<\/div>\n\t\t<\/section>\n\t\t\t\t<section class=\"elementor-section elementor-top-section elementor-element elementor-element-6d6f33f elementor-section-boxed elementor-section-height-default elementor-section-height-default\" data-id=\"6d6f33f\" data-element_type=\"section\">\n\t\t\t\t\t\t<div class=\"elementor-container elementor-column-gap-default\">\n\t\t\t\t\t<div class=\"elementor-column elementor-col-100 elementor-top-column elementor-element elementor-element-1e0cc23\" data-id=\"1e0cc23\" data-element_type=\"column\">\n\t\t\t<div class=\"elementor-widget-wrap elementor-element-populated\">\n\t\t\t\t\t\t<div class=\"elementor-element elementor-element-0d6a9cf elementor-widget elementor-widget-text-editor\" data-id=\"0d6a9cf\" data-element_type=\"widget\" data-widget_type=\"text-editor.default\">\n\t\t\t\t<div class=\"elementor-widget-container\">\n\t\t\t\t\t\t\t\t\t<p>A partir de 14ans il est possible de passer le permis AM. Ce permis permettra de pouvoir conduire un cyclomoteur d&rsquo;une puissance inf\u00e9rieure ou \u00e9gale \u00e0 50cm3. Ce permis permettra \u00e9galement de conduire un quadricycle l\u00e9ger (voiturette) d&rsquo;une puissance inf\u00e9rieur ou \u00e9gal \u00e0 50cm3 muni de deux places. Ce permis s&rsquo;obtient suite \u00e0 une formation de 8heures r\u00e9alis\u00e9 en deux demi-journ\u00e9es.<\/p><p><strong><span style=\"text-decoration: underline;\">La formation se d\u00e9coupe en 5 s\u00e9quences d&rsquo;une dur\u00e9e totale de 8heures\u00a0<\/span><\/strong><\/p><ul><li>La s\u00e9quence 1 porte sur les \u00e9changes sur les repr\u00e9sentations individuelles autour de la conduite (30 minutes).<\/li><li>La s\u00e9quence 2 porte sur la formation \u00e0 la conduite hors circulation (1 heure) Conditions d&rsquo;utilisation de la piste t\u00e9l\u00e9chargeable\u00a0<a href=\"https:\/\/www.chateau9conduite.com\/assets\/components\/revogallerytt\/uploads\/1.4%20conditions%20d'usage%20de%20la%20piste%20new.pdf\" target=\"_blank\" rel=\"noopener\">ici<\/a><\/li><li>La s\u00e9quence 3 porte sur le code de la route (30 minutes)<\/li><li>La s\u00e9quence 4 porte sur la formation \u00e0 la conduite sur les voies ouvertes \u00e0 la circulation publique (5 heures)<\/li><li>La s\u00e9quence 5 porte sur la sensibilisation aux risques en pr\u00e9sence, pour les \u00e9l\u00e8ves mineurs, de l\u2019un au moins des parents ou du repr\u00e9sentant l\u00e9gal (1 heures).<\/li><\/ul><p><a href=\"https:\/\/www.chateau9conduite.com\/assets\/components\/revogallerytt\/uploads\/AM%20(2).jpg\" target=\"_blank\" rel=\"noopener\">\u00a0<em>Enjeux de la formation\u00a0Permis AM (BSR)<\/em><\/a><\/p><h5><span style=\"text-decoration: underline;\"><strong>Prix de la formation Permis AM (BSR) Cyclomoteur : 250\u20ac TTC<\/strong><\/span><\/h5><div><h5 style=\"font-style: normal;\"><strong><span style=\"text-decoration: underline;\">Prix de la formation Permis AM (BSR) Voiturette : 420\u20ac TTC<\/span><\/strong><\/h5><\/div>\t\t\t\t\t\t\t\t<\/div>\n\t\t\t\t<\/div>\n\t\t\t\t<section class=\"elementor-section elementor-inner-section elementor-element elementor-element-c987e3b elementor-section-boxed elementor-section-height-default elementor-section-height-default\" data-id=\"c987e3b\" data-element_type=\"section\">\n\t\t\t\t\t\t<div class=\"elementor-container elementor-column-gap-default\">\n\t\t\t\t\t<div class=\"elementor-column elementor-col-50 elementor-inner-column elementor-element elementor-element-fff6c27\" data-id=\"fff6c27\" data-element_type=\"column\">\n\t\t\t<div class=\"elementor-widget-wrap elementor-element-populated\">\n\t\t\t\t\t\t<div class=\"elementor-element elementor-element-3be1b81 elementor-widget elementor-widget-text-editor\" data-id=\"3be1b81\" data-element_type=\"widget\" data-widget_type=\"text-editor.default\">\n\t\t\t\t<div class=\"elementor-widget-container\">\n\t\t\t\t\t\t\t\t\t<p><span style=\"text-decoration: underline;\"><strong>DOCUMENTS A FOURNIR<\/strong><\/span><\/p><ul class=\"documents-listes\"><li>Photos d&rsquo;identit\u00e9s num\u00e9riques (E-Photo)<\/li><li>Pi\u00e8ce d&rsquo;identit\u00e9 du candidat<\/li><li>Pi\u00e8ce d&rsquo;identit\u00e9 du responsable l\u00e9gal \/ h\u00e9bergeant<\/li><li>Attestation scolaire de s\u00e9curit\u00e9 routi\u00e8re niveau 1 ou 2 (ASSR1 ou ASSR2) *<\/li><li>Justificatif de domicile dat\u00e9 de moins de 3 mois<\/li><li>Une attestation sur l&rsquo;honneur d&rsquo;h\u00e9bergement sign\u00e9e par les deux parties<\/li><\/ul><p class=\"remarque\"><span style=\"text-decoration: underline;\"><em>*Sinon l&rsquo;\u00e9quivalence ASR \/ Personnes n\u00e9es \u00e0 partir du 01\/01\/1988<\/em><\/span><\/p><p class=\"remarque\">\u00a0<\/p>\t\t\t\t\t\t\t\t<\/div>\n\t\t\t\t<\/div>\n\t\t\t\t\t<\/div>\n\t\t<\/div>\n\t\t\t\t<div class=\"elementor-column elementor-col-50 elementor-inner-column elementor-element elementor-element-af9668d\" data-id=\"af9668d\" data-element_type=\"column\">\n\t\t\t<div class=\"elementor-widget-wrap elementor-element-populated\">\n\t\t\t\t\t\t<div class=\"elementor-element elementor-element-c60a92a elementor-widget elementor-widget-text-editor\" data-id=\"c60a92a\" data-element_type=\"widget\" data-widget_type=\"text-editor.default\">\n\t\t\t\t<div class=\"elementor-widget-container\">\n\t\t\t\t\t\t\t\t\t<p><span style=\"text-decoration: underline;\"><strong>EQUIPEMENTS OBLIGATOIRE (Seulement pour Cyclomoteur)<\/strong><\/span><\/p><ul><li>Casque de type homologu\u00e9<\/li><li>Gants Homologu\u00e9s (NF, CE ou EPI, renforc\u00e9s et munis d\u2019un dispositif de fermeture au poignet)<\/li><li>Blouson ou une veste manches longues<\/li><li>Pantalon \/ Jeans<\/li><li>Bottes \/ chaussures montantes\u00a0<\/li><\/ul><p class=\"remarque\">\u00a0<\/p>\t\t\t\t\t\t\t\t<\/div>\n\t\t\t\t<\/div>\n\t\t\t\t\t<\/div>\n\t\t<\/div>\n\t\t\t\t\t<\/div>\n\t\t<\/section>\n\t\t\t\t\t<\/div>\n\t\t<\/div>\n\t\t\t\t\t<\/div>\n\t\t<\/section>\n\t\t\t\t<section class=\"elementor-section elementor-top-section elementor-element elementor-element-2e759ab2 elementor-section-boxed elementor-section-height-default elementor-section-height-default\" data-id=\"2e759ab2\" data-element_type=\"section\" data-settings=\"{&quot;background_background&quot;:&quot;classic&quot;}\">\n\t\t\t\t\t\t<div class=\"elementor-container elementor-column-gap-default\">\n\t\t\t\t\t<div class=\"elementor-column elementor-col-100 elementor-top-column elementor-element elementor-element-2e4e01de\" data-id=\"2e4e01de\" data-element_type=\"column\">\n\t\t\t<div class=\"elementor-widget-wrap elementor-element-populated\">\n\t\t\t\t\t\t<section class=\"elementor-section elementor-inner-section elementor-element elementor-element-35b59b0f elementor-section-boxed elementor-section-height-default elementor-section-height-default\" data-id=\"35b59b0f\" data-element_type=\"section\">\n\t\t\t\t\t\t<div class=\"elementor-container elementor-column-gap-default\">\n\t\t\t\t\t<div class=\"elementor-column elementor-col-25 elementor-inner-column elementor-element elementor-element-7f411c2d\" data-id=\"7f411c2d\" data-element_type=\"column\">\n\t\t\t<div class=\"elementor-widget-wrap elementor-element-populated\">\n\t\t\t\t\t\t<div class=\"elementor-element elementor-element-5e6b6aa3 elementor-widget elementor-widget-text-editor\" data-id=\"5e6b6aa3\" data-element_type=\"widget\" data-widget_type=\"text-editor.default\">\n\t\t\t\t<div class=\"elementor-widget-container\">\n\t\t\t\t\t\t\t\t\t<p><a href=\"http:\/\/autoecolecentre.com\/\">Accueil <\/a><\/p><p><a href=\"https:\/\/www.chateau9conduite.com\/\">Trois agences<\/a><\/p>\t\t\t\t\t\t\t\t<\/div>\n\t\t\t\t<\/div>\n\t\t\t\t\t<\/div>\n\t\t<\/div>\n\t\t\t\t<div class=\"elementor-column elementor-col-25 elementor-inner-column elementor-element elementor-element-473b003\" data-id=\"473b003\" data-element_type=\"column\">\n\t\t\t<div class=\"elementor-widget-wrap elementor-element-populated\">\n\t\t\t\t\t\t<div class=\"elementor-element elementor-element-45d38330 elementor-widget elementor-widget-text-editor\" data-id=\"45d38330\" data-element_type=\"widget\" data-widget_type=\"text-editor.default\">\n\t\t\t\t<div class=\"elementor-widget-container\">\n\t\t\t\t\t\t\t\t\t<p><a href=\"http:\/\/autoecolecentre.com\/\" target=\"_blank\" rel=\"noopener\">Contact<\/a><\/p><p><a href=\"http:\/\/autoecolecentre.com\/?page_id=373\" target=\"_blank\" rel=\"noopener\">Mentions l\u00e9gales<\/a><\/p>\t\t\t\t\t\t\t\t<\/div>\n\t\t\t\t<\/div>\n\t\t\t\t\t<\/div>\n\t\t<\/div>\n\t\t\t\t<div class=\"elementor-column elementor-col-25 elementor-inner-column elementor-element elementor-element-37e81301\" data-id=\"37e81301\" data-element_type=\"column\">\n\t\t\t<div class=\"elementor-widget-wrap elementor-element-populated\">\n\t\t\t\t\t\t<div class=\"elementor-element elementor-element-27869928 elementor-widget elementor-widget-image\" data-id=\"27869928\" data-element_type=\"widget\" data-widget_type=\"image.default\">\n\t\t\t\t<div class=\"elementor-widget-container\">\n\t\t\t\t\t\t\t\t\t\t\t\t\t\t\t<img decoding=\"async\" src=\"http:\/\/autoecolecentre.com\/wp-content\/uploads\/elementor\/thumbs\/cropped-logo-png-3-qhhgfxrdr24xxnryxbt41zztqel96f7e4y8gas21si.png\" title=\"logo png\" alt=\"ae du centre\" loading=\"lazy\" \/>\t\t\t\t\t\t\t\t\t\t\t\t\t\t\t<\/div>\n\t\t\t\t<\/div>\n\t\t\t\t<div class=\"elementor-element elementor-element-21cf5faa elementor-widget elementor-widget-text-editor\" data-id=\"21cf5faa\" data-element_type=\"widget\" data-widget_type=\"text-editor.default\">\n\t\t\t\t<div class=\"elementor-widget-container\">\n\t\t\t\t\t\t\t\t\t<p>N\u00b0 d\u2019agr\u00e9ment : E2402600030<br><\/p>\t\t\t\t\t\t\t\t<\/div>\n\t\t\t\t<\/div>\n\t\t\t\t\t<\/div>\n\t\t<\/div>\n\t\t\t\t<div class=\"elementor-column elementor-col-25 elementor-inner-column elementor-element elementor-element-162765bf\" data-id=\"162765bf\" data-element_type=\"column\">\n\t\t\t<div class=\"elementor-widget-wrap elementor-element-populated\">\n\t\t\t\t\t\t<div class=\"elementor-element elementor-element-1c7c117f e-grid-align-mobile-left elementor-shape-rounded elementor-grid-0 e-grid-align-center elementor-widget elementor-widget-social-icons\" data-id=\"1c7c117f\" data-element_type=\"widget\" data-widget_type=\"social-icons.default\">\n\t\t\t\t<div class=\"elementor-widget-container\">\n\t\t\t\t\t\t\t<div class=\"elementor-social-icons-wrapper elementor-grid\">\n\t\t\t\t\t\t\t<span class=\"elementor-grid-item\">\n\t\t\t\t\t<a class=\"elementor-icon elementor-social-icon elementor-social-icon-facebook elementor-repeater-item-fbb823b\" href=\"https:\/\/www.facebook.com\/chateau9conduite\" target=\"_blank\">\n\t\t\t\t\t\t<span class=\"elementor-screen-only\">Facebook<\/span>\n\t\t\t\t\t\t<svg class=\"e-font-icon-svg e-fab-facebook\" viewBox=\"0 0 512 512\" xmlns=\"http:\/\/www.w3.org\/2000\/svg\"><path d=\"M504 256C504 119 393 8 256 8S8 119 8 256c0 123.78 90.69 226.38 209.25 245V327.69h-63V256h63v-54.64c0-62.15 37-96.48 93.67-96.48 27.14 0 55.52 4.84 55.52 4.84v61h-31.28c-30.8 0-40.41 19.12-40.41 38.73V256h68.78l-11 71.69h-57.78V501C413.31 482.38 504 379.78 504 256z\"><\/path><\/svg>\t\t\t\t\t<\/a>\n\t\t\t\t<\/span>\n\t\t\t\t\t\t\t<span class=\"elementor-grid-item\">\n\t\t\t\t\t<a class=\"elementor-icon elementor-social-icon elementor-social-icon-instagram elementor-repeater-item-89f0051\" href=\"https:\/\/www.instagram.com\/chateau9stmarcel_conduite\/\" target=\"_blank\">\n\t\t\t\t\t\t<span class=\"elementor-screen-only\">Instagram<\/span>\n\t\t\t\t\t\t<svg class=\"e-font-icon-svg e-fab-instagram\" viewBox=\"0 0 448 512\" xmlns=\"http:\/\/www.w3.org\/2000\/svg\"><path d=\"M224.1 141c-63.6 0-114.9 51.3-114.9 114.9s51.3 114.9 114.9 114.9S339 319.5 339 255.9 287.7 141 224.1 141zm0 189.6c-41.1 0-74.7-33.5-74.7-74.7s33.5-74.7 74.7-74.7 74.7 33.5 74.7 74.7-33.6 74.7-74.7 74.7zm146.4-194.3c0 14.9-12 26.8-26.8 26.8-14.9 0-26.8-12-26.8-26.8s12-26.8 26.8-26.8 26.8 12 26.8 26.8zm76.1 27.2c-1.7-35.9-9.9-67.7-36.2-93.9-26.2-26.2-58-34.4-93.9-36.2-37-2.1-147.9-2.1-184.9 0-35.8 1.7-67.6 9.9-93.9 36.1s-34.4 58-36.2 93.9c-2.1 37-2.1 147.9 0 184.9 1.7 35.9 9.9 67.7 36.2 93.9s58 34.4 93.9 36.2c37 2.1 147.9 2.1 184.9 0 35.9-1.7 67.7-9.9 93.9-36.2 26.2-26.2 34.4-58 36.2-93.9 2.1-37 2.1-147.8 0-184.8zM398.8 388c-7.8 19.6-22.9 34.7-42.6 42.6-29.5 11.7-99.5 9-132.1 9s-102.7 2.6-132.1-9c-19.6-7.8-34.7-22.9-42.6-42.6-11.7-29.5-9-99.5-9-132.1s-2.6-102.7 9-132.1c7.8-19.6 22.9-34.7 42.6-42.6 29.5-11.7 99.5-9 132.1-9s102.7-2.6 132.1 9c19.6 7.8 34.7 22.9 42.6 42.6 11.7 29.5 9 99.5 9 132.1s2.7 102.7-9 132.1z\"><\/path><\/svg>\t\t\t\t\t<\/a>\n\t\t\t\t<\/span>\n\t\t\t\t\t<\/div>\n\t\t\t\t\t\t<\/div>\n\t\t\t\t<\/div>\n\t\t\t\t\t<\/div>\n\t\t<\/div>\n\t\t\t\t\t<\/div>\n\t\t<\/section>\n\t\t\t\t<div class=\"elementor-element elementor-element-16b3a158 elementor-widget elementor-widget-text-editor\" data-id=\"16b3a158\" data-element_type=\"widget\" data-widget_type=\"text-editor.default\">\n\t\t\t\t<div class=\"elementor-widget-container\">\n\t\t\t\t\t\t\t\t\t<p>Copyright Auto Ecole du centre\u00a0<\/p>\t\t\t\t\t\t\t\t<\/div>\n\t\t\t\t<\/div>\n\t\t\t\t\t<\/div>\n\t\t<\/div>\n\t\t\t\t\t<\/div>\n\t\t<\/section>\n\t\t\t\t<\/div>\n\t\t","protected":false},"excerpt":{"rendered":"<p>Permis AM (BSR) Cyclomoteur ou Voiturette Vous recherchez une auto-\u00e9cole pour passer votre permis AM (BSR) sur Tain l&rsquo;Hermitage, Tournon sur Rh\u00f4ne, Crozes Hermitage, Gervans? Contactez Auto \u00e9cole du centre. A partir de 14ans il est possible de passer le permis AM. Ce permis permettra de pouvoir conduire un cyclomoteur d&rsquo;une puissance inf\u00e9rieure ou \u00e9gale [&hellip;]<\/p>\n","protected":false},"author":1,"featured_media":0,"parent":0,"menu_order":0,"comment_status":"closed","ping_status":"closed","template":"","meta":{"_monsterinsights_skip_tracking":false,"_monsterinsights_sitenote_active":false,"_monsterinsights_sitenote_note":"","_monsterinsights_sitenote_category":0,"site-sidebar-layout":"no-sidebar","site-content-layout":"","ast-site-content-layout":"full-width-container","site-content-style":"default","site-sidebar-style":"default","ast-global-header-display":"","ast-banner-title-visibility":"","ast-main-header-display":"","ast-hfb-above-header-display":"","ast-hfb-below-header-display":"","ast-hfb-mobile-header-display":"","site-post-title":"disabled","ast-breadcrumbs-content":"","ast-featured-img":"disabled","footer-sml-layout":"","theme-transparent-header-meta":"","adv-header-id-meta":"","stick-header-meta":"","header-above-stick-meta":"","header-main-stick-meta":"","header-below-stick-meta":"","astra-migrate-meta-layouts":"default","ast-page-background-enabled":"default","ast-page-background-meta":{"desktop":{"background-color":"var(--ast-global-color-4)","background-image":"","background-repeat":"repeat","background-position":"center center","background-size":"auto","background-attachment":"scroll","background-type":"","background-media":"","overlay-type":"","overlay-color":"","overlay-opacity":"","overlay-gradient":""},"tablet":{"background-color":"","background-image":"","background-repeat":"repeat","background-position":"center center","background-size":"auto","background-attachment":"scroll","background-type":"","background-media":"","overlay-type":"","overlay-color":"","overlay-opacity":"","overlay-gradient":""},"mobile":{"background-color":"","background-image":"","background-repeat":"repeat","background-position":"center center","background-size":"auto","background-attachment":"scroll","background-type":"","background-media":"","overlay-type":"","overlay-color":"","overlay-opacity":"","overlay-gradient":""}},"ast-content-background-meta":{"desktop":{"background-color":"var(--ast-global-color-5)","background-image":"","background-repeat":"repeat","background-position":"center center","background-size":"auto","background-attachment":"scroll","background-type":"","background-media":"","overlay-type":"","overlay-color":"","overlay-opacity":"","overlay-gradient":""},"tablet":{"background-color":"var(--ast-global-color-5)","background-image":"","background-repeat":"repeat","background-position":"center center","background-size":"auto","background-attachment":"scroll","background-type":"","background-media":"","overlay-type":"","overlay-color":"","overlay-opacity":"","overlay-gradient":""},"mobile":{"background-color":"var(--ast-global-color-5)","background-image":"","background-repeat":"repeat","background-position":"center center","background-size":"auto","background-attachment":"scroll","background-type":"","background-media":"","overlay-type":"","overlay-color":"","overlay-opacity":"","overlay-gradient":""}},"footnotes":""},"class_list":["post-190","page","type-page","status-publish","hentry"],"aioseo_notices":[],"_links":{"self":[{"href":"http:\/\/autoecolecentre.com\/index.php?rest_route=\/wp\/v2\/pages\/190","targetHints":{"allow":["GET"]}}],"collection":[{"href":"http:\/\/autoecolecentre.com\/index.php?rest_route=\/wp\/v2\/pages"}],"about":[{"href":"http:\/\/autoecolecentre.com\/index.php?rest_route=\/wp\/v2\/types\/page"}],"author":[{"embeddable":true,"href":"http:\/\/autoecolecentre.com\/index.php?rest_route=\/wp\/v2\/users\/1"}],"replies":[{"embeddable":true,"href":"http:\/\/autoecolecentre.com\/index.php?rest_route=%2Fwp%2Fv2%2Fcomments&post=190"}],"version-history":[{"count":25,"href":"http:\/\/autoecolecentre.com\/index.php?rest_route=\/wp\/v2\/pages\/190\/revisions"}],"predecessor-version":[{"id":654,"href":"http:\/\/autoecolecentre.com\/index.php?rest_route=\/wp\/v2\/pages\/190\/revisions\/654"}],"wp:attachment":[{"href":"http:\/\/autoecolecentre.com\/index.php?rest_route=%2Fwp%2Fv2%2Fmedia&parent=190"}],"curies":[{"name":"wp","href":"https:\/\/api.w.org\/{rel}","templated":true}]}}