{"id":136,"date":"2024-01-20T22:14:01","date_gmt":"2024-01-20T21:14:01","guid":{"rendered":"http:\/\/autoecolecentre.com\/?page_id=136"},"modified":"2026-03-11T17:56:47","modified_gmt":"2026-03-11T16:56:47","slug":"conduite-accompagnee","status":"publish","type":"page","link":"http:\/\/autoecolecentre.com\/?page_id=136","title":{"rendered":"Conduite accompagn\u00e9e"},"content":{"rendered":"\t\t<div data-elementor-type=\"wp-page\" data-elementor-id=\"136\" class=\"elementor elementor-136\">\n\t\t\t\t\t\t<section class=\"elementor-section elementor-top-section elementor-element elementor-element-5064675 elementor-section-boxed elementor-section-height-default elementor-section-height-default\" data-id=\"5064675\" data-element_type=\"section\">\n\t\t\t\t\t\t<div class=\"elementor-container elementor-column-gap-default\">\n\t\t\t\t\t<div class=\"elementor-column elementor-col-100 elementor-top-column elementor-element elementor-element-7a4dd49\" data-id=\"7a4dd49\" data-element_type=\"column\">\n\t\t\t<div class=\"elementor-widget-wrap elementor-element-populated\">\n\t\t\t\t\t\t<div class=\"elementor-element elementor-element-bb01d12 elementor-widget elementor-widget-heading\" data-id=\"bb01d12\" data-element_type=\"widget\" data-widget_type=\"heading.default\">\n\t\t\t\t<div class=\"elementor-widget-container\">\n\t\t\t\t\t<h1 class=\"elementor-heading-title elementor-size-default\">Conduite Accompagn\u00e9e<\/h1>\t\t\t\t<\/div>\n\t\t\t\t<\/div>\n\t\t\t\t\t<\/div>\n\t\t<\/div>\n\t\t\t\t\t<\/div>\n\t\t<\/section>\n\t\t\t\t<section class=\"elementor-section elementor-top-section elementor-element elementor-element-08fc7ca elementor-section-boxed elementor-section-height-default elementor-section-height-default\" data-id=\"08fc7ca\" data-element_type=\"section\">\n\t\t\t\t\t\t<div class=\"elementor-container elementor-column-gap-default\">\n\t\t\t\t\t<div class=\"elementor-column elementor-col-100 elementor-top-column elementor-element elementor-element-aeafe06\" data-id=\"aeafe06\" data-element_type=\"column\">\n\t\t\t<div class=\"elementor-widget-wrap elementor-element-populated\">\n\t\t\t\t\t\t<div class=\"elementor-element elementor-element-60d4dd8 elementor-widget elementor-widget-spacer\" data-id=\"60d4dd8\" data-element_type=\"widget\" data-widget_type=\"spacer.default\">\n\t\t\t\t<div class=\"elementor-widget-container\">\n\t\t\t\t\t\t\t<div class=\"elementor-spacer\">\n\t\t\t<div class=\"elementor-spacer-inner\"><\/div>\n\t\t<\/div>\n\t\t\t\t\t\t<\/div>\n\t\t\t\t<\/div>\n\t\t\t\t<div class=\"elementor-element elementor-element-34c4a5f elementor-widget elementor-widget-text-editor\" data-id=\"34c4a5f\" data-element_type=\"widget\" data-widget_type=\"text-editor.default\">\n\t\t\t\t<div class=\"elementor-widget-container\">\n\t\t\t\t\t\t\t\t\t<h3><strong>Vous recherchez une auto-\u00e9cole pour passer votre Conduite Accompagn\u00e9e aux alentours de Tain l&rsquo;Hermitage, Gervans, Crozes-Hermitage ou encore Mercurol? Auto \u00e9cole du centre est l\u00e0 pour vous! Contactez-nous.<\/strong><\/h3>\t\t\t\t\t\t\t\t<\/div>\n\t\t\t\t<\/div>\n\t\t\t\t<div class=\"elementor-element elementor-element-23dc34e elementor-widget elementor-widget-spacer\" data-id=\"23dc34e\" data-element_type=\"widget\" data-widget_type=\"spacer.default\">\n\t\t\t\t<div class=\"elementor-widget-container\">\n\t\t\t\t\t\t\t<div class=\"elementor-spacer\">\n\t\t\t<div class=\"elementor-spacer-inner\"><\/div>\n\t\t<\/div>\n\t\t\t\t\t\t<\/div>\n\t\t\t\t<\/div>\n\t\t\t\t<div class=\"elementor-element elementor-element-0a8fe23 elementor-widget elementor-widget-text-editor\" data-id=\"0a8fe23\" data-element_type=\"widget\" data-widget_type=\"text-editor.default\">\n\t\t\t\t<div class=\"elementor-widget-container\">\n\t\t\t\t\t\t\t\t\t<p>L&rsquo;apprentissage anticip\u00e9 de la conduite est r\u00e9alisable \u00e0 partir de 15ans. Cette formation a pour avantages:<\/p><ul><li>de r\u00e9duire la p\u00e9riode probatoire \u00e0 2 ans plut\u00f4t que 3 ans,<\/li><li>de passer le permis \u00e0 partir de 17 ans,<\/li><li>d&rsquo;augmenter ses chances d&rsquo;obtenir son permis du 1er coup.<\/li><li>De diminuer le risque d&rsquo;accident au cours des premi\u00e8res ann\u00e9es de permis.<\/li><\/ul><p><strong><em>Cette formation permet \u00e9galement de pouvoir approfondir les comportements qui permettent de pr\u00e9voir les situations \u00e0 risques mais aussi d&rsquo;acqu\u00e9rir plus d&rsquo;exp\u00e9rience sur la route avec l&rsquo;aide d&rsquo;un accompagnateur.<\/em><\/strong><\/p><p>Avant le commencement des le\u00e7ons de conduites une \u00e9valuation de d\u00e9part sera r\u00e9alis\u00e9e.<\/p><p><em>Le proc\u00e9d\u00e9 d&rsquo;\u00e9valuation est t\u00e9l\u00e9chargeable\u00a0<\/em><a href=\"https:\/\/www.chateau9conduite.com\/assets\/components\/revogallerytt\/uploads\/1.1%20Eval%20D%C3%A9part%20B.pdf\" target=\"_blank\" rel=\"noopener\"><em>ici.<\/em><\/a><\/p><p>Afin de garder une vue d&rsquo;ensemble des comp\u00e9tences qu&rsquo;un conducteurs doit acqu\u00e9rir, un programme de formation sera mis \u00e0 votre disposition pour ne pas mettre en danger votre vie ainsi que celle des autres usag\u00e9s de la route.<\/p><p><em><strong>Ce programme se d\u00e9compose en 4 comp\u00e9tences :<\/strong><\/em><\/p><ul><li><em><strong>Maitriser le maniement du v\u00e9hicule dans un trafic faible ou nul<\/strong><\/em><\/li><li><em><strong>Appr\u00e9hender la route et circuler dans des conditions normales<\/strong><\/em><\/li><li><em><strong>Circuler dans des conditions difficiles et partager la route avec les autres usagers<\/strong><\/em><\/li><li><em><strong>Pratiquer une conduite autonome, s\u00fbre et \u00e9conomique.<\/strong><\/em><\/li><\/ul><p><em>L\u2019objectif g\u00e9n\u00e9ral est d\u2019amener tout automobiliste d\u00e9butant \u00e0 la\u00a0<strong>ma\u00eetrise de comp\u00e9tences en termes de savoir \u00eatre, savoirs, savoir-faire et savoir devenir. <\/strong><\/em>L&rsquo;apprentissage de la conduite est p\u00e9dagogue et exigent.<strong>La conduite accompagn\u00e9e<\/strong>\u00a0se passe sur une dur\u00e9e minimum de 1 an et un minimum de 3 000 Kms.<\/p><p>Elle se d\u00e9roule en 3 rendez-vous obligatoires :<\/p><ul><li>Rendez-vous pr\u00e9alable (2h) en pr\u00e9sence des accompagnateurs<\/li><li>Rendez-vous p\u00e9dagogique n\u00b01 (au bout de 6 mois de conduite et 1 000 Kms effectu\u00e9s)<\/li><li>Rendez-vous p\u00e9dagogique n\u00b02 (au bout de 1 an de conduite et 3 000 Kms effectu\u00e9s)<\/li><\/ul><p><em>Pour pouvoir partir en conduite, il faut remplir les conditions suivantes :<\/em><\/p><ul><li>Avoir obtenu son code,<\/li><li>Avoir effectu\u00e9 minimum de 20 le\u00e7ons de conduite,<\/li><li>Avoir eu l&rsquo;avis favorable de l&rsquo;enseignant de la conduite.<\/li><\/ul><p>\u00a0Pour en savoir plus sur cette formation :\u00a0<a href=\"https:\/\/www.chateau9conduite.com\/assets\/components\/revogallerytt\/uploads\/5.1b%20Guide%20AAC%20ajour.pdf\" target=\"_blank\" rel=\"noopener\">Cliquez ici<\/a><\/p><p><a href=\"https:\/\/www.chateau9conduite.com\/assets\/components\/revogallerytt\/uploads\/1.5%20-%20RDV%20post%20permis.pdf\" target=\"_blank\" rel=\"noopener\">Rendez vous post-permis (falcultatif)\u00a0<\/a>\u00a0&amp;<a href=\"https:\/\/www.chateau9conduite.com\/assets\/components\/revogallerytt\/uploads\/2.2%20Enjeux%20formation%20et%20d%C3%A9roulement%20%C3%A9preuve.pdf\" target=\"_blank\" rel=\"noopener\">\u00a0Enjeux de la formation et d\u00e9roulement des examens<\/a><\/p><p><strong><em>\u00a0<\/em><\/strong><\/p>\t\t\t\t\t\t\t\t<\/div>\n\t\t\t\t<\/div>\n\t\t\t\t\t<\/div>\n\t\t<\/div>\n\t\t\t\t\t<\/div>\n\t\t<\/section>\n\t\t\t\t<section class=\"elementor-section elementor-top-section elementor-element elementor-element-3f22b33 elementor-section-boxed elementor-section-height-default elementor-section-height-default\" data-id=\"3f22b33\" data-element_type=\"section\">\n\t\t\t\t\t\t<div class=\"elementor-container elementor-column-gap-default\">\n\t\t\t\t\t<div class=\"elementor-column elementor-col-100 elementor-top-column elementor-element elementor-element-193d447\" data-id=\"193d447\" data-element_type=\"column\">\n\t\t\t<div class=\"elementor-widget-wrap elementor-element-populated\">\n\t\t\t\t\t\t<section class=\"elementor-section elementor-inner-section elementor-element elementor-element-bb7b573 elementor-section-boxed elementor-section-height-default elementor-section-height-default\" data-id=\"bb7b573\" data-element_type=\"section\">\n\t\t\t\t\t\t<div class=\"elementor-container elementor-column-gap-default\">\n\t\t\t\t\t<div class=\"elementor-column elementor-col-50 elementor-inner-column elementor-element elementor-element-53c0e3e\" data-id=\"53c0e3e\" data-element_type=\"column\">\n\t\t\t<div class=\"elementor-widget-wrap elementor-element-populated\">\n\t\t\t\t\t\t<div class=\"elementor-element elementor-element-ee85aa0 elementor-widget elementor-widget-text-editor\" data-id=\"ee85aa0\" data-element_type=\"widget\" data-widget_type=\"text-editor.default\">\n\t\t\t\t<div class=\"elementor-widget-container\">\n\t\t\t\t\t\t\t\t\t<h3><strong><span style=\"text-decoration: underline;\">DOCUMENTS A FOURNIR<\/span><\/strong><\/h3><ul><li>Photos d&rsquo;identit\u00e9s num\u00e9riques (E-Photo)<\/li><li>Pi\u00e8ce d&rsquo;identit\u00e9 du candidat<\/li><li>Pi\u00e8ce d&rsquo;identit\u00e9 du responsable l\u00e9gal \/ h\u00e9bergeant<\/li><li>Attestation de recensement (16 \u00e0 17ans)<\/li><li>Attestation de la Journ\u00e9e d\u00e9fense et citoyenne (JDC) (17 \u00e0 25ans)<\/li><li>Permis AM (BSR) =&gt; <em>Si obtenu<\/em><\/li><li>Justificatif de domicile dat\u00e9 de moins de 3 mois<\/li><li>Une attestation sur l&rsquo;honneur d&rsquo;h\u00e9bergement sign\u00e9e par les deux parties<\/li><\/ul>\t\t\t\t\t\t\t\t<\/div>\n\t\t\t\t<\/div>\n\t\t\t\t\t<\/div>\n\t\t<\/div>\n\t\t\t\t<div class=\"elementor-column elementor-col-50 elementor-inner-column elementor-element elementor-element-f385349\" data-id=\"f385349\" data-element_type=\"column\">\n\t\t\t<div class=\"elementor-widget-wrap elementor-element-populated\">\n\t\t\t\t\t\t<div class=\"elementor-element elementor-element-5372b49 elementor-widget elementor-widget-text-editor\" data-id=\"5372b49\" data-element_type=\"widget\" data-widget_type=\"text-editor.default\">\n\t\t\t\t<div class=\"elementor-widget-container\">\n\t\t\t\t\t\t\t\t\t<h3><span style=\"text-decoration: underline;\"><strong>Forfait Conduite Accompagn\u00e9e : 1 110 \u20ac*<\/strong><\/span><\/h3>\n<p class=\"remarque\" style=\"padding-left: 160px;\"><em>*(Paiement en 2 fois possible sans frais)<\/em><\/p>\n<p><span style=\"text-decoration: underline;\"><strong>Compris dans le forfait :<\/strong><\/span><\/p>\n<ul>\n<li>20 le\u00e7ons de conduites : 980 \u20ac TTC \u00e0 l&rsquo;unit\u00e9<\/li>\n<li>Le rendez-vous pr\u00e9alable de 2 heures en pr\u00e9sence d&rsquo;un accompagnateur : 110\u20ac TTC \u00e0 l&rsquo;unit\u00e9<\/li>\n<li>Frais d&rsquo;accompagnement \u00e0 l&rsquo;examen pratique : 55\u20ac TTC \u00e0 l&rsquo;unit\u00e9<\/li>\n<\/ul>\n<p><span style=\"text-decoration: underline;\"><strong>Frais hors forfait :<\/strong><\/span><\/p>\n<ul>\n<li>Evaluation de d\u00e9part en voiture : 55\u20ac TTC \u00e0 l&rsquo;unit\u00e9<\/li>\n<\/ul>\n<div class=\"row\" style=\"padding-left: 80px;\"><img decoding=\"async\" id=\"comp-jr6nowzfimgimage\" class=\"col-md-6 img-responsive\" src=\"https:\/\/static.wixstatic.com\/media\/43439e_85bf5ba0c6034e4183d5da87672af8d9~mv2.png\/v1\/fill\/w_207,h_158,al_c,lg_1,q_80\/43439e_85bf5ba0c6034e4183d5da87672af8d9~mv2.webp\" alt=\"AAC conduite valence romans sur is\u00e8re\" height=\"10\" data-type=\"image\"><img decoding=\"async\" id=\"comp-jr6nnosvimgimage\" class=\"col-md-6 img-responsive\" src=\"https:\/\/static.wixstatic.com\/media\/43439e_bc3796ad91a4461eab69479de5bc8540~mv2.gif\" alt=\"Conuite accompagn\u00e9e \u00e0 partir de 15ans 26300\" data-type=\"image\"><\/div>\n<h4><span style=\"text-decoration: underline;\"><strong>1er rendez-vous p\u00e9dagogique<\/strong><\/span><\/h4>\n<p><em>(au bout de 6 mois de conduite et 1000 kms effectu\u00e9s)<\/em><\/p>\n<table>\n<tbody>\n<tr>\n<td>2 heures en salle<\/td>\n<td>50\u20ac TTC<\/td>\n<\/tr>\n<tr>\n<td>1 le\u00e7on de conduite<\/td>\n<td>55\u20ac TTC<\/td>\n<\/tr>\n<\/tbody>\n<\/table>\n<h4><span style=\"text-decoration: underline;\"><strong>2\u00e8me&nbsp;rendez-vous p\u00e9dagogique<\/strong><\/span><\/h4>\n<p><em>(au bout d&rsquo;un an de conduite et 3000 kms effectu\u00e9s)<\/em><\/p>\n<table>\n<tbody>\n<tr>\n<td>2 heures en salle<\/td>\n<td>50\u20ac TTC<\/td>\n<\/tr>\n<tr>\n<td>1 le\u00e7on de conduite<\/td>\n<td>55\u20ac TTC<\/td>\n<\/tr>\n<\/tbody>\n<\/table>\t\t\t\t\t\t\t\t<\/div>\n\t\t\t\t<\/div>\n\t\t\t\t\t<\/div>\n\t\t<\/div>\n\t\t\t\t\t<\/div>\n\t\t<\/section>\n\t\t\t\t\t<\/div>\n\t\t<\/div>\n\t\t\t\t\t<\/div>\n\t\t<\/section>\n\t\t\t\t<section class=\"elementor-section elementor-top-section elementor-element elementor-element-779c541d elementor-section-boxed elementor-section-height-default elementor-section-height-default\" data-id=\"779c541d\" data-element_type=\"section\" data-settings=\"{&quot;background_background&quot;:&quot;classic&quot;}\">\n\t\t\t\t\t\t<div class=\"elementor-container elementor-column-gap-default\">\n\t\t\t\t\t<div class=\"elementor-column elementor-col-100 elementor-top-column elementor-element elementor-element-677fe613\" data-id=\"677fe613\" data-element_type=\"column\">\n\t\t\t<div class=\"elementor-widget-wrap elementor-element-populated\">\n\t\t\t\t\t\t<section class=\"elementor-section elementor-inner-section elementor-element elementor-element-699ece85 elementor-section-boxed elementor-section-height-default elementor-section-height-default\" data-id=\"699ece85\" data-element_type=\"section\">\n\t\t\t\t\t\t<div class=\"elementor-container elementor-column-gap-default\">\n\t\t\t\t\t<div class=\"elementor-column elementor-col-25 elementor-inner-column elementor-element elementor-element-25f7cc42\" data-id=\"25f7cc42\" data-element_type=\"column\">\n\t\t\t<div class=\"elementor-widget-wrap elementor-element-populated\">\n\t\t\t\t\t\t<div class=\"elementor-element elementor-element-63f97361 elementor-widget elementor-widget-text-editor\" data-id=\"63f97361\" data-element_type=\"widget\" data-widget_type=\"text-editor.default\">\n\t\t\t\t<div class=\"elementor-widget-container\">\n\t\t\t\t\t\t\t\t\t<p><a href=\"http:\/\/autoecolecentre.com\/\">Accueil <\/a><\/p><p><a href=\"https:\/\/www.chateau9conduite.com\/\">Trois agences<\/a><\/p>\t\t\t\t\t\t\t\t<\/div>\n\t\t\t\t<\/div>\n\t\t\t\t\t<\/div>\n\t\t<\/div>\n\t\t\t\t<div class=\"elementor-column elementor-col-25 elementor-inner-column elementor-element elementor-element-116b71bb\" data-id=\"116b71bb\" data-element_type=\"column\">\n\t\t\t<div class=\"elementor-widget-wrap elementor-element-populated\">\n\t\t\t\t\t\t<div class=\"elementor-element elementor-element-1a104c8c elementor-widget elementor-widget-text-editor\" data-id=\"1a104c8c\" data-element_type=\"widget\" data-widget_type=\"text-editor.default\">\n\t\t\t\t<div class=\"elementor-widget-container\">\n\t\t\t\t\t\t\t\t\t<p><a href=\"http:\/\/autoecolecentre.com\/\" target=\"_blank\" rel=\"noopener\">Contact<\/a><\/p><p><a href=\"http:\/\/autoecolecentre.com\/?page_id=373\" target=\"_blank\" rel=\"noopener\">Mentions l\u00e9gales<\/a><\/p>\t\t\t\t\t\t\t\t<\/div>\n\t\t\t\t<\/div>\n\t\t\t\t\t<\/div>\n\t\t<\/div>\n\t\t\t\t<div class=\"elementor-column elementor-col-25 elementor-inner-column elementor-element elementor-element-388fb349\" data-id=\"388fb349\" data-element_type=\"column\">\n\t\t\t<div class=\"elementor-widget-wrap elementor-element-populated\">\n\t\t\t\t\t\t<div class=\"elementor-element elementor-element-3fb44551 elementor-widget elementor-widget-image\" data-id=\"3fb44551\" data-element_type=\"widget\" data-widget_type=\"image.default\">\n\t\t\t\t<div class=\"elementor-widget-container\">\n\t\t\t\t\t\t\t\t\t\t\t\t\t\t\t<img decoding=\"async\" src=\"http:\/\/autoecolecentre.com\/wp-content\/uploads\/elementor\/thumbs\/cropped-logo-png-3-qhhgfxrdr24xxnryxbt41zztqel96f7e4y8gas21si.png\" title=\"logo png\" alt=\"ae du centre\" loading=\"lazy\" \/>\t\t\t\t\t\t\t\t\t\t\t\t\t\t\t<\/div>\n\t\t\t\t<\/div>\n\t\t\t\t<div class=\"elementor-element elementor-element-322c7a2a elementor-widget elementor-widget-text-editor\" data-id=\"322c7a2a\" data-element_type=\"widget\" data-widget_type=\"text-editor.default\">\n\t\t\t\t<div class=\"elementor-widget-container\">\n\t\t\t\t\t\t\t\t\t<p>N\u00b0 d\u2019agr\u00e9ment : E2402600030<br><\/p>\t\t\t\t\t\t\t\t<\/div>\n\t\t\t\t<\/div>\n\t\t\t\t\t<\/div>\n\t\t<\/div>\n\t\t\t\t<div class=\"elementor-column elementor-col-25 elementor-inner-column elementor-element elementor-element-1a86c3fe\" data-id=\"1a86c3fe\" data-element_type=\"column\">\n\t\t\t<div class=\"elementor-widget-wrap elementor-element-populated\">\n\t\t\t\t\t\t<div class=\"elementor-element elementor-element-3118eedc e-grid-align-mobile-left elementor-shape-rounded elementor-grid-0 e-grid-align-center elementor-widget elementor-widget-social-icons\" data-id=\"3118eedc\" data-element_type=\"widget\" data-widget_type=\"social-icons.default\">\n\t\t\t\t<div class=\"elementor-widget-container\">\n\t\t\t\t\t\t\t<div class=\"elementor-social-icons-wrapper elementor-grid\">\n\t\t\t\t\t\t\t<span class=\"elementor-grid-item\">\n\t\t\t\t\t<a class=\"elementor-icon elementor-social-icon elementor-social-icon-facebook elementor-repeater-item-fbb823b\" href=\"https:\/\/www.facebook.com\/chateau9conduite\" target=\"_blank\">\n\t\t\t\t\t\t<span class=\"elementor-screen-only\">Facebook<\/span>\n\t\t\t\t\t\t<svg class=\"e-font-icon-svg e-fab-facebook\" viewBox=\"0 0 512 512\" xmlns=\"http:\/\/www.w3.org\/2000\/svg\"><path d=\"M504 256C504 119 393 8 256 8S8 119 8 256c0 123.78 90.69 226.38 209.25 245V327.69h-63V256h63v-54.64c0-62.15 37-96.48 93.67-96.48 27.14 0 55.52 4.84 55.52 4.84v61h-31.28c-30.8 0-40.41 19.12-40.41 38.73V256h68.78l-11 71.69h-57.78V501C413.31 482.38 504 379.78 504 256z\"><\/path><\/svg>\t\t\t\t\t<\/a>\n\t\t\t\t<\/span>\n\t\t\t\t\t\t\t<span class=\"elementor-grid-item\">\n\t\t\t\t\t<a class=\"elementor-icon elementor-social-icon elementor-social-icon-instagram elementor-repeater-item-89f0051\" href=\"https:\/\/www.instagram.com\/chateau9stmarcel_conduite\/\" target=\"_blank\">\n\t\t\t\t\t\t<span class=\"elementor-screen-only\">Instagram<\/span>\n\t\t\t\t\t\t<svg class=\"e-font-icon-svg e-fab-instagram\" viewBox=\"0 0 448 512\" xmlns=\"http:\/\/www.w3.org\/2000\/svg\"><path d=\"M224.1 141c-63.6 0-114.9 51.3-114.9 114.9s51.3 114.9 114.9 114.9S339 319.5 339 255.9 287.7 141 224.1 141zm0 189.6c-41.1 0-74.7-33.5-74.7-74.7s33.5-74.7 74.7-74.7 74.7 33.5 74.7 74.7-33.6 74.7-74.7 74.7zm146.4-194.3c0 14.9-12 26.8-26.8 26.8-14.9 0-26.8-12-26.8-26.8s12-26.8 26.8-26.8 26.8 12 26.8 26.8zm76.1 27.2c-1.7-35.9-9.9-67.7-36.2-93.9-26.2-26.2-58-34.4-93.9-36.2-37-2.1-147.9-2.1-184.9 0-35.8 1.7-67.6 9.9-93.9 36.1s-34.4 58-36.2 93.9c-2.1 37-2.1 147.9 0 184.9 1.7 35.9 9.9 67.7 36.2 93.9s58 34.4 93.9 36.2c37 2.1 147.9 2.1 184.9 0 35.9-1.7 67.7-9.9 93.9-36.2 26.2-26.2 34.4-58 36.2-93.9 2.1-37 2.1-147.8 0-184.8zM398.8 388c-7.8 19.6-22.9 34.7-42.6 42.6-29.5 11.7-99.5 9-132.1 9s-102.7 2.6-132.1-9c-19.6-7.8-34.7-22.9-42.6-42.6-11.7-29.5-9-99.5-9-132.1s-2.6-102.7 9-132.1c7.8-19.6 22.9-34.7 42.6-42.6 29.5-11.7 99.5-9 132.1-9s102.7-2.6 132.1 9c19.6 7.8 34.7 22.9 42.6 42.6 11.7 29.5 9 99.5 9 132.1s2.7 102.7-9 132.1z\"><\/path><\/svg>\t\t\t\t\t<\/a>\n\t\t\t\t<\/span>\n\t\t\t\t\t<\/div>\n\t\t\t\t\t\t<\/div>\n\t\t\t\t<\/div>\n\t\t\t\t\t<\/div>\n\t\t<\/div>\n\t\t\t\t\t<\/div>\n\t\t<\/section>\n\t\t\t\t<div class=\"elementor-element elementor-element-1ed73f6c elementor-widget elementor-widget-text-editor\" data-id=\"1ed73f6c\" data-element_type=\"widget\" data-widget_type=\"text-editor.default\">\n\t\t\t\t<div class=\"elementor-widget-container\">\n\t\t\t\t\t\t\t\t\t<p>Copyright Auto Ecole du centre\u00a0<\/p>\t\t\t\t\t\t\t\t<\/div>\n\t\t\t\t<\/div>\n\t\t\t\t\t<\/div>\n\t\t<\/div>\n\t\t\t\t\t<\/div>\n\t\t<\/section>\n\t\t\t\t<\/div>\n\t\t","protected":false},"excerpt":{"rendered":"<p>Conduite Accompagn\u00e9e Vous recherchez une auto-\u00e9cole pour passer votre Conduite Accompagn\u00e9e aux alentours de Tain l&rsquo;Hermitage, Gervans, Crozes-Hermitage ou encore Mercurol? Auto \u00e9cole du centre est l\u00e0 pour vous! Contactez-nous. L&rsquo;apprentissage anticip\u00e9 de la conduite est r\u00e9alisable \u00e0 partir de 15ans. Cette formation a pour avantages: de r\u00e9duire la p\u00e9riode probatoire \u00e0 2 ans plut\u00f4t [&hellip;]<\/p>\n","protected":false},"author":1,"featured_media":0,"parent":0,"menu_order":0,"comment_status":"closed","ping_status":"closed","template":"","meta":{"_monsterinsights_skip_tracking":false,"_monsterinsights_sitenote_active":false,"_monsterinsights_sitenote_note":"","_monsterinsights_sitenote_category":0,"site-sidebar-layout":"no-sidebar","site-content-layout":"","ast-site-content-layout":"full-width-container","site-content-style":"default","site-sidebar-style":"default","ast-global-header-display":"","ast-banner-title-visibility":"","ast-main-header-display":"","ast-hfb-above-header-display":"","ast-hfb-below-header-display":"","ast-hfb-mobile-header-display":"","site-post-title":"disabled","ast-breadcrumbs-content":"","ast-featured-img":"disabled","footer-sml-layout":"","theme-transparent-header-meta":"","adv-header-id-meta":"","stick-header-meta":"","header-above-stick-meta":"","header-main-stick-meta":"","header-below-stick-meta":"","astra-migrate-meta-layouts":"default","ast-page-background-enabled":"default","ast-page-background-meta":{"desktop":{"background-color":"var(--ast-global-color-4)","background-image":"","background-repeat":"repeat","background-position":"center center","background-size":"auto","background-attachment":"scroll","background-type":"","background-media":"","overlay-type":"","overlay-color":"","overlay-opacity":"","overlay-gradient":""},"tablet":{"background-color":"","background-image":"","background-repeat":"repeat","background-position":"center center","background-size":"auto","background-attachment":"scroll","background-type":"","background-media":"","overlay-type":"","overlay-color":"","overlay-opacity":"","overlay-gradient":""},"mobile":{"background-color":"","background-image":"","background-repeat":"repeat","background-position":"center center","background-size":"auto","background-attachment":"scroll","background-type":"","background-media":"","overlay-type":"","overlay-color":"","overlay-opacity":"","overlay-gradient":""}},"ast-content-background-meta":{"desktop":{"background-color":"var(--ast-global-color-5)","background-image":"","background-repeat":"repeat","background-position":"center center","background-size":"auto","background-attachment":"scroll","background-type":"","background-media":"","overlay-type":"","overlay-color":"","overlay-opacity":"","overlay-gradient":""},"tablet":{"background-color":"var(--ast-global-color-5)","background-image":"","background-repeat":"repeat","background-position":"center center","background-size":"auto","background-attachment":"scroll","background-type":"","background-media":"","overlay-type":"","overlay-color":"","overlay-opacity":"","overlay-gradient":""},"mobile":{"background-color":"var(--ast-global-color-5)","background-image":"","background-repeat":"repeat","background-position":"center center","background-size":"auto","background-attachment":"scroll","background-type":"","background-media":"","overlay-type":"","overlay-color":"","overlay-opacity":"","overlay-gradient":""}},"footnotes":""},"class_list":["post-136","page","type-page","status-publish","hentry"],"aioseo_notices":[],"_links":{"self":[{"href":"http:\/\/autoecolecentre.com\/index.php?rest_route=\/wp\/v2\/pages\/136","targetHints":{"allow":["GET"]}}],"collection":[{"href":"http:\/\/autoecolecentre.com\/index.php?rest_route=\/wp\/v2\/pages"}],"about":[{"href":"http:\/\/autoecolecentre.com\/index.php?rest_route=\/wp\/v2\/types\/page"}],"author":[{"embeddable":true,"href":"http:\/\/autoecolecentre.com\/index.php?rest_route=\/wp\/v2\/users\/1"}],"replies":[{"embeddable":true,"href":"http:\/\/autoecolecentre.com\/index.php?rest_route=%2Fwp%2Fv2%2Fcomments&post=136"}],"version-history":[{"count":25,"href":"http:\/\/autoecolecentre.com\/index.php?rest_route=\/wp\/v2\/pages\/136\/revisions"}],"predecessor-version":[{"id":658,"href":"http:\/\/autoecolecentre.com\/index.php?rest_route=\/wp\/v2\/pages\/136\/revisions\/658"}],"wp:attachment":[{"href":"http:\/\/autoecolecentre.com\/index.php?rest_route=%2Fwp%2Fv2%2Fmedia&parent=136"}],"curies":[{"name":"wp","href":"https:\/\/api.w.org\/{rel}","templated":true}]}}